{"id":80338,"date":"2021-01-22T19:33:54","date_gmt":"2021-01-22T19:33:54","guid":{"rendered":"https:\/\/ifoffice.pt\/produto\/import-placeholder-for-92384\/"},"modified":"2025-02-06T09:53:54","modified_gmt":"2025-02-06T09:53:54","slug":"esferografica-bic-cristal-preta-unidade","status":"publish","type":"product","link":"https:\/\/ifoffice.pt\/?product=esferografica-bic-cristal-preta-unidade","title":{"rendered":"Esferografica bic cristal preta"},"content":{"rendered":"<p>A caneta BIC Cristal Original \u00e9 um cl\u00e1ssico da escrita, reconhecida pelo seu design simples e eficiente. Ideal para uso escolar, de escrit\u00f3rio e dom\u00e9stico, esta caneta combina durabilidade e qualidade, oferecendo uma experi\u00eancia de escrita suave e consistente.<\/p>\n<ul>\n<li>Design ic\u00f4nico: Corpo hexagonal transparente que permite ver a quantidade de tinta restante.<\/li>\n<li>Ponta M\u00e9dia: Ponta de 1 mm que proporciona tra\u00e7o de 0,4 mm, perfeita para a escrita di\u00e1ria.<\/li>\n<li>Tinta de alta qualidade: Tinta \u00e0 base de \u00f3leo que garante uma escrita uniforme e sem manchas.<\/li>\n<li>Tampa e Tampa da Mesma Cor: Facilita a identifica\u00e7\u00e3o da cor da tinta.<\/li>\n<li>Durabilidade: Cada caneta pode escrever at\u00e9 3 km, garantindo uma longa vida \u00fatil.<\/li>\n<li>Ergonomia: Corpo hexagonal que oferece uma pegada confort\u00e1vel e firme, reduzindo o cansa\u00e7o durante o uso prolongado.<\/li>\n<li>Transpar\u00eancia Corporal: Permite ao usu\u00e1rio monitorar o n\u00edvel de tinta restante.<\/li>\n<li>Econ\u00f3mico e Eficiente: Excelente rela\u00e7\u00e3o qualidade-pre\u00e7o, acess\u00edvel a todos os utilizadores.<\/li>\n<\/ul>\n<p>A caneta esferogr\u00e1fica de tinta vermelha BIC Cristal Original \u00e9 uma escolha confi\u00e1vel, dur\u00e1vel e eficaz. Seu design ic\u00f4nico e desempenho superior tornaram-no um favorito global h\u00e1 d\u00e9cadas.<\/p>\n","protected":false},"excerpt":{"rendered":"<p>A caneta BIC Cristal Original \u00e9 um cl\u00e1ssico da escrita, reconhecida pelo seu design simples e eficiente. Ideal para uso escolar, de escrit\u00f3rio e dom\u00e9stico, esta caneta combina durabilidade e qualidade, oferecendo uma experi\u00eancia de escrita suave e consistente. Design ic\u00f4nico: Corpo hexagonal transparente que permite ver a quantidade de tinta restante. Ponta M\u00e9dia: Ponta de 1 mm que proporciona tra\u00e7o de 0,4 mm, perfeita para a escrita di\u00e1ria. Tinta de alta qualidade: Tinta \u00e0 base de \u00f3leo que garante uma escrita uniforme e sem manchas. Tampa e Tampa da Mesma Cor: Facilita a identifica\u00e7\u00e3o da cor da tinta. Durabilidade: Cada caneta pode escrever at\u00e9 3 km, garantindo uma longa vida \u00fatil. Ergonomia: Corpo hexagonal que oferece uma pegada confort\u00e1vel e firme, reduzindo o cansa\u00e7o durante o uso prolongado. Transpar\u00eancia Corporal: Permite ao usu\u00e1rio monitorar o n\u00edvel de tinta restante. Econ\u00f3mico e Eficiente: Excelente rela\u00e7\u00e3o qualidade-pre\u00e7o, acess\u00edvel a todos os utilizadores. A caneta esferogr\u00e1fica de tinta vermelha BIC Cristal Original \u00e9 uma escolha confi\u00e1vel, dur\u00e1vel e eficaz. Seu design ic\u00f4nico e desempenho superior tornaram-no um favorito global h\u00e1 d\u00e9cadas.<\/p>\n","protected":false},"featured_media":118278,"comment_status":"closed","ping_status":"closed","template":"","meta":{"neve_meta_sidebar":"","neve_meta_container":"","neve_meta_enable_content_width":"off","neve_meta_content_width":70,"neve_meta_title_alignment":"","neve_meta_author_avatar":"","neve_post_elements_order":"","neve_meta_disable_header":"","neve_meta_disable_footer":"","neve_meta_disable_title":""},"product_brand":[],"product_cat":[1761],"product_tag":[1015,924],"class_list":{"0":"post-80338","1":"product","2":"type-product","3":"status-publish","4":"has-post-thumbnail","6":"product_cat-esferograficas","7":"product_tag-4-mm","8":"product_tag-com-tampa","10":"first","11":"instock","12":"taxable","13":"shipping-taxable","14":"purchasable","15":"product-type-variable","16":"has-default-attributes"},"_links":{"self":[{"href":"https:\/\/ifoffice.pt\/index.php?rest_route=\/wp\/v2\/product\/80338","targetHints":{"allow":["GET"]}}],"collection":[{"href":"https:\/\/ifoffice.pt\/index.php?rest_route=\/wp\/v2\/product"}],"about":[{"href":"https:\/\/ifoffice.pt\/index.php?rest_route=\/wp\/v2\/types\/product"}],"replies":[{"embeddable":true,"href":"https:\/\/ifoffice.pt\/index.php?rest_route=%2Fwp%2Fv2%2Fcomments&post=80338"}],"wp:featuredmedia":[{"embeddable":true,"href":"https:\/\/ifoffice.pt\/index.php?rest_route=\/wp\/v2\/media\/118278"}],"wp:attachment":[{"href":"https:\/\/ifoffice.pt\/index.php?rest_route=%2Fwp%2Fv2%2Fmedia&parent=80338"}],"wp:term":[{"taxonomy":"product_brand","embeddable":true,"href":"https:\/\/ifoffice.pt\/index.php?rest_route=%2Fwp%2Fv2%2Fproduct_brand&post=80338"},{"taxonomy":"product_cat","embeddable":true,"href":"https:\/\/ifoffice.pt\/index.php?rest_route=%2Fwp%2Fv2%2Fproduct_cat&post=80338"},{"taxonomy":"product_tag","embeddable":true,"href":"https:\/\/ifoffice.pt\/index.php?rest_route=%2Fwp%2Fv2%2Fproduct_tag&post=80338"}],"curies":[{"name":"wp","href":"https:\/\/api.w.org\/{rel}","templated":true}]}}