{"id":80337,"date":"2021-01-22T19:33:54","date_gmt":"2021-01-22T19:33:54","guid":{"rendered":"https:\/\/ifoffice.pt\/produto\/import-placeholder-for-92385\/"},"modified":"2025-02-06T09:34:49","modified_gmt":"2025-02-06T09:34:49","slug":"esferografica-bic-cristal-azul-unidade","status":"publish","type":"product","link":"https:\/\/ifoffice.pt\/?product=esferografica-bic-cristal-azul-unidade","title":{"rendered":"Esferografica bic cristal azul"},"content":{"rendered":"<p>Descubra a efici\u00eancia e fiabilidade da cl\u00e1ssica esferogr\u00e1fica BIC Cristal Original com tinta azul, apresentada num pr\u00e1tico saco de 5 unidades. Esta caneta \u00e9 essencial em qualquer ambiente, seja na escola, no escrit\u00f3rio ou em casa, oferecendo uma experi\u00eancia de escrita suave e duradoura gra\u00e7as \u00e0 sua tinta \u00e0 base de \u00f3leo.<\/p>\n<ul>\n<li><strong>Corpo Transparente:<\/strong>\u00a0Permite ver o n\u00edvel de tinta, garantindo que nunca fica sem escrever inesperadamente.<\/li>\n<li><strong>Tampa Ventilada:<\/strong>\u00a0Concebida para seguran\u00e7a e para manter a tinta fresca durante mais tempo.<\/li>\n<li><strong>Ponta de 1 mm:<\/strong>\u00a0Oferece uma linha precisa de 0,4 mm, ideal para notas claras e definidas.<\/li>\n<li><strong>Escrita longa:<\/strong>\u00a0Cada caneta garante at\u00e9 3 quil\u00f3metros de escrita cont\u00ednua.<\/li>\n<li><strong>Certifica\u00e7\u00e3o Ecol\u00f3gica NF:<\/strong>\u00a0Reflexo do compromisso da BIC com a sustentabilidade e o ambiente.<\/li>\n<li><strong>Design Hexagonal:<\/strong>\u00a0Facilita a ader\u00eancia e evita que a caneta role em superf\u00edcies inclinadas.<\/li>\n<\/ul>\n<p>A caneta BIC Cristal Original n\u00e3o \u00e9 apenas um emblema de qualidade e acessibilidade, mas tamb\u00e9m de inova\u00e7\u00e3o ambientalmente respons\u00e1vel. O seu design cl\u00e1ssico e funcional tornou-o uma escolha fi\u00e1vel para milh\u00f5es de pessoas em todo o mundo. N\u00e3o perca a oportunidade de experimentar a qualidade de escrita que s\u00f3 a BIC pode oferecer.<\/p>\n","protected":false},"excerpt":{"rendered":"<p>Descubra a efici\u00eancia e fiabilidade da cl\u00e1ssica esferogr\u00e1fica BIC Cristal Original com tinta azul, apresentada num pr\u00e1tico saco de 5 unidades. Esta caneta \u00e9 essencial em qualquer ambiente, seja na escola, no escrit\u00f3rio ou em casa, oferecendo uma experi\u00eancia de escrita suave e duradoura gra\u00e7as \u00e0 sua tinta \u00e0 base de \u00f3leo. Corpo Transparente:\u00a0Permite ver o n\u00edvel de tinta, garantindo que nunca fica sem escrever inesperadamente. Tampa Ventilada:\u00a0Concebida para seguran\u00e7a e para manter a tinta fresca durante mais tempo. Ponta de 1 mm:\u00a0Oferece uma linha precisa de 0,4 mm, ideal para notas claras e definidas. Escrita longa:\u00a0Cada caneta garante at\u00e9 3 quil\u00f3metros de escrita cont\u00ednua. Certifica\u00e7\u00e3o Ecol\u00f3gica NF:\u00a0Reflexo do compromisso da BIC com a sustentabilidade e o ambiente. Design Hexagonal:\u00a0Facilita a ader\u00eancia e evita que a caneta role em superf\u00edcies inclinadas. A caneta BIC Cristal Original n\u00e3o \u00e9 apenas um emblema de qualidade e acessibilidade, mas tamb\u00e9m de inova\u00e7\u00e3o ambientalmente respons\u00e1vel. O seu design cl\u00e1ssico e funcional tornou-o uma escolha fi\u00e1vel para milh\u00f5es de pessoas em todo o mundo. N\u00e3o perca a oportunidade de experimentar a qualidade de escrita que s\u00f3 a BIC pode oferecer.<\/p>\n","protected":false},"featured_media":118277,"comment_status":"closed","ping_status":"closed","template":"","meta":{"neve_meta_sidebar":"","neve_meta_container":"","neve_meta_enable_content_width":"off","neve_meta_content_width":70,"neve_meta_title_alignment":"","neve_meta_author_avatar":"","neve_post_elements_order":"","neve_meta_disable_header":"","neve_meta_disable_footer":"","neve_meta_disable_title":""},"product_brand":[],"product_cat":[1761],"product_tag":[1015,924],"class_list":{"0":"post-80337","1":"product","2":"type-product","3":"status-publish","4":"has-post-thumbnail","6":"product_cat-esferograficas","7":"product_tag-4-mm","8":"product_tag-com-tampa","10":"first","11":"instock","12":"taxable","13":"shipping-taxable","14":"purchasable","15":"product-type-variable","16":"has-default-attributes"},"_links":{"self":[{"href":"https:\/\/ifoffice.pt\/index.php?rest_route=\/wp\/v2\/product\/80337","targetHints":{"allow":["GET"]}}],"collection":[{"href":"https:\/\/ifoffice.pt\/index.php?rest_route=\/wp\/v2\/product"}],"about":[{"href":"https:\/\/ifoffice.pt\/index.php?rest_route=\/wp\/v2\/types\/product"}],"replies":[{"embeddable":true,"href":"https:\/\/ifoffice.pt\/index.php?rest_route=%2Fwp%2Fv2%2Fcomments&post=80337"}],"wp:featuredmedia":[{"embeddable":true,"href":"https:\/\/ifoffice.pt\/index.php?rest_route=\/wp\/v2\/media\/118277"}],"wp:attachment":[{"href":"https:\/\/ifoffice.pt\/index.php?rest_route=%2Fwp%2Fv2%2Fmedia&parent=80337"}],"wp:term":[{"taxonomy":"product_brand","embeddable":true,"href":"https:\/\/ifoffice.pt\/index.php?rest_route=%2Fwp%2Fv2%2Fproduct_brand&post=80337"},{"taxonomy":"product_cat","embeddable":true,"href":"https:\/\/ifoffice.pt\/index.php?rest_route=%2Fwp%2Fv2%2Fproduct_cat&post=80337"},{"taxonomy":"product_tag","embeddable":true,"href":"https:\/\/ifoffice.pt\/index.php?rest_route=%2Fwp%2Fv2%2Fproduct_tag&post=80337"}],"curies":[{"name":"wp","href":"https:\/\/api.w.org\/{rel}","templated":true}]}}