{"id":80283,"date":"2021-01-22T19:33:30","date_gmt":"2021-01-22T19:33:30","guid":{"rendered":"https:\/\/ifoffice.pt\/produto\/import-placeholder-for-94921\/"},"modified":"2026-02-23T13:10:24","modified_gmt":"2026-02-23T13:10:24","slug":"caixa-para-pasta-de-arquivo-liderpapel-gaspeada-preta-folio","status":"publish","type":"product","link":"https:\/\/ifoffice.pt\/?product=caixa-para-pasta-de-arquivo-liderpapel-gaspeada-preta-folio","title":{"rendered":"Caixa para pasta de arquivo gaspeada preta liderpapel folio"},"content":{"rendered":"<p>Pasta de arquivo de cart\u00e3o colado forrado interior e exterior. An\u00e9is de 75 mm, compressor, \u00f3culo e calha. Lombada larga. Ferragem niquelada. Sem \u00edndice, caixa opcional. Lombada de 80 mm. 2 an\u00e9is. Com ferragem de alavanca.<\/p>\n","protected":false},"excerpt":{"rendered":"<p>Caixa para pasta de arquivo gaspeada preta liderpapel folio<\/p>\n","protected":false},"featured_media":118255,"comment_status":"closed","ping_status":"closed","template":"","meta":{"neve_meta_sidebar":"","neve_meta_container":"","neve_meta_enable_content_width":"","neve_meta_content_width":0,"neve_meta_title_alignment":"","neve_meta_author_avatar":"","neve_post_elements_order":"","neve_meta_disable_header":"","neve_meta_disable_footer":"","neve_meta_disable_title":""},"product_brand":[],"product_cat":[1822],"product_tag":[964],"class_list":{"0":"post-80283","1":"product","2":"type-product","3":"status-publish","4":"has-post-thumbnail","6":"product_cat-pastas-de-arquivo","7":"product_tag-preto","9":"first","10":"instock","11":"taxable","12":"shipping-taxable","13":"purchasable","14":"product-type-simple"},"_links":{"self":[{"href":"https:\/\/ifoffice.pt\/index.php?rest_route=\/wp\/v2\/product\/80283","targetHints":{"allow":["GET"]}}],"collection":[{"href":"https:\/\/ifoffice.pt\/index.php?rest_route=\/wp\/v2\/product"}],"about":[{"href":"https:\/\/ifoffice.pt\/index.php?rest_route=\/wp\/v2\/types\/product"}],"replies":[{"embeddable":true,"href":"https:\/\/ifoffice.pt\/index.php?rest_route=%2Fwp%2Fv2%2Fcomments&post=80283"}],"wp:featuredmedia":[{"embeddable":true,"href":"https:\/\/ifoffice.pt\/index.php?rest_route=\/wp\/v2\/media\/118255"}],"wp:attachment":[{"href":"https:\/\/ifoffice.pt\/index.php?rest_route=%2Fwp%2Fv2%2Fmedia&parent=80283"}],"wp:term":[{"taxonomy":"product_brand","embeddable":true,"href":"https:\/\/ifoffice.pt\/index.php?rest_route=%2Fwp%2Fv2%2Fproduct_brand&post=80283"},{"taxonomy":"product_cat","embeddable":true,"href":"https:\/\/ifoffice.pt\/index.php?rest_route=%2Fwp%2Fv2%2Fproduct_cat&post=80283"},{"taxonomy":"product_tag","embeddable":true,"href":"https:\/\/ifoffice.pt\/index.php?rest_route=%2Fwp%2Fv2%2Fproduct_tag&post=80283"}],"curies":[{"name":"wp","href":"https:\/\/api.w.org\/{rel}","templated":true}]}}