{"id":80270,"date":"2021-01-22T19:33:29","date_gmt":"2021-01-22T19:33:29","guid":{"rendered":"https:\/\/ifoffice.pt\/produto\/import-placeholder-for-95791\/"},"modified":"2026-02-23T13:10:22","modified_gmt":"2026-02-23T13:10:22","slug":"adaptador-dymo-240v-1000-2000-universal","status":"publish","type":"product","link":"https:\/\/ifoffice.pt\/?product=adaptador-dymo-240v-1000-2000-universal","title":{"rendered":"Adaptador dymo 240v 1000\/2000 para todos os modelos label point exceptoliderpapel150"},"content":{"rendered":"<p>Pr\u00f3prio para todos os modelos Label Point \u00e0 excep\u00e7\u00e3o do modelo LP 150 que n\u00e3o usa adaptador.<\/p>\n","protected":false},"excerpt":{"rendered":"<p>Adaptador dymo 240v 1000\/2000 para todos os modelos label point exceptoliderpapel150<\/p>\n","protected":false},"featured_media":118246,"comment_status":"closed","ping_status":"closed","template":"","meta":{"neve_meta_sidebar":"","neve_meta_container":"","neve_meta_enable_content_width":"off","neve_meta_content_width":0,"neve_meta_title_alignment":"","neve_meta_author_avatar":"","neve_post_elements_order":"","neve_meta_disable_header":"","neve_meta_disable_footer":"","neve_meta_disable_title":""},"product_brand":[],"product_cat":[1819],"product_tag":[1993],"class_list":{"0":"post-80270","1":"product","2":"type-product","3":"status-publish","4":"has-post-thumbnail","6":"product_cat-conectividade-cabos-wifi-hub","7":"product_tag-casa-infantil","9":"first","10":"instock","11":"taxable","12":"shipping-taxable","13":"purchasable","14":"product-type-simple"},"_links":{"self":[{"href":"https:\/\/ifoffice.pt\/index.php?rest_route=\/wp\/v2\/product\/80270","targetHints":{"allow":["GET"]}}],"collection":[{"href":"https:\/\/ifoffice.pt\/index.php?rest_route=\/wp\/v2\/product"}],"about":[{"href":"https:\/\/ifoffice.pt\/index.php?rest_route=\/wp\/v2\/types\/product"}],"replies":[{"embeddable":true,"href":"https:\/\/ifoffice.pt\/index.php?rest_route=%2Fwp%2Fv2%2Fcomments&post=80270"}],"wp:featuredmedia":[{"embeddable":true,"href":"https:\/\/ifoffice.pt\/index.php?rest_route=\/wp\/v2\/media\/118246"}],"wp:attachment":[{"href":"https:\/\/ifoffice.pt\/index.php?rest_route=%2Fwp%2Fv2%2Fmedia&parent=80270"}],"wp:term":[{"taxonomy":"product_brand","embeddable":true,"href":"https:\/\/ifoffice.pt\/index.php?rest_route=%2Fwp%2Fv2%2Fproduct_brand&post=80270"},{"taxonomy":"product_cat","embeddable":true,"href":"https:\/\/ifoffice.pt\/index.php?rest_route=%2Fwp%2Fv2%2Fproduct_cat&post=80270"},{"taxonomy":"product_tag","embeddable":true,"href":"https:\/\/ifoffice.pt\/index.php?rest_route=%2Fwp%2Fv2%2Fproduct_tag&post=80270"}],"curies":[{"name":"wp","href":"https:\/\/api.w.org\/{rel}","templated":true}]}}