{"id":80154,"date":"2021-01-22T19:32:45","date_gmt":"2021-01-22T19:32:45","guid":{"rendered":"https:\/\/ifoffice.pt\/produto\/import-placeholder-for-99983\/"},"modified":"2026-02-23T13:10:15","modified_gmt":"2026-02-23T13:10:15","slug":"bloco-congresso-liderpapel-50-folhas-63x84-cm","status":"publish","type":"product","link":"https:\/\/ifoffice.pt\/?product=bloco-congresso-liderpapel-50-folhas-63x84-cm","title":{"rendered":"Bloco congresso liderpapel 50 folhas 63&#215;84 cm"},"content":{"rendered":"<p>Para quadro. Ideal para conven\u00e7\u00f5es, reuni\u00f5es, col\u00e9gios, etc. Em duas apresenta\u00e7\u00f5es diferentes (de 25+5 e 50 folhas), adapta-se a qualquer necessidade. Papel de 80 g\/m\u00b2. Medidas: 63 x 84 cm. O bloco.<\/p>\n","protected":false},"excerpt":{"rendered":"<p>Bloco congresso liderpapel 50 folhas 63&#215;84 cm<\/p>\n","protected":false},"featured_media":130313,"comment_status":"closed","ping_status":"closed","template":"","meta":{"neve_meta_sidebar":"","neve_meta_container":"","neve_meta_enable_content_width":"","neve_meta_content_width":0,"neve_meta_title_alignment":"","neve_meta_author_avatar":"","neve_post_elements_order":"","neve_meta_disable_header":"","neve_meta_disable_footer":"","neve_meta_disable_title":""},"product_brand":[],"product_cat":[1896],"product_tag":[1248],"class_list":{"0":"post-80154","1":"product","2":"type-product","3":"status-publish","4":"has-post-thumbnail","6":"product_cat-blocos-de-congressos-para-quad","7":"product_tag-bloco-congresso","9":"first","10":"instock","11":"taxable","12":"shipping-taxable","13":"purchasable","14":"product-type-simple"},"_links":{"self":[{"href":"https:\/\/ifoffice.pt\/index.php?rest_route=\/wp\/v2\/product\/80154","targetHints":{"allow":["GET"]}}],"collection":[{"href":"https:\/\/ifoffice.pt\/index.php?rest_route=\/wp\/v2\/product"}],"about":[{"href":"https:\/\/ifoffice.pt\/index.php?rest_route=\/wp\/v2\/types\/product"}],"replies":[{"embeddable":true,"href":"https:\/\/ifoffice.pt\/index.php?rest_route=%2Fwp%2Fv2%2Fcomments&post=80154"}],"wp:featuredmedia":[{"embeddable":true,"href":"https:\/\/ifoffice.pt\/index.php?rest_route=\/wp\/v2\/media\/130313"}],"wp:attachment":[{"href":"https:\/\/ifoffice.pt\/index.php?rest_route=%2Fwp%2Fv2%2Fmedia&parent=80154"}],"wp:term":[{"taxonomy":"product_brand","embeddable":true,"href":"https:\/\/ifoffice.pt\/index.php?rest_route=%2Fwp%2Fv2%2Fproduct_brand&post=80154"},{"taxonomy":"product_cat","embeddable":true,"href":"https:\/\/ifoffice.pt\/index.php?rest_route=%2Fwp%2Fv2%2Fproduct_cat&post=80154"},{"taxonomy":"product_tag","embeddable":true,"href":"https:\/\/ifoffice.pt\/index.php?rest_route=%2Fwp%2Fv2%2Fproduct_tag&post=80154"}],"curies":[{"name":"wp","href":"https:\/\/api.w.org\/{rel}","templated":true}]}}