{"id":80089,"date":"2021-01-22T19:32:23","date_gmt":"2021-01-22T19:32:23","guid":{"rendered":"https:\/\/ifoffice.pt\/produto\/import-placeholder-for-150099\/"},"modified":"2026-02-23T13:10:08","modified_gmt":"2026-02-23T13:10:08","slug":"cola-tesa-roller-permanente-reciclavel-84-mm-x-850-m","status":"publish","type":"product","link":"https:\/\/ifoffice.pt\/?product=cola-tesa-roller-permanente-reciclavel-84-mm-x-850-m","title":{"rendered":"Cola tesa roller permanente reciclavel 8,4 mm x 8,50 m"},"content":{"rendered":"<p>Cola roller formato ergon\u00f3mico para colar papel, cart\u00e3o, fotografias, etc. Fabricado com pl\u00e1stico 100% recicl\u00e1vel. Cola de forma limpa, r\u00e1pida e precisa. For\u00e7a adesiva extremamente alta. Medidas: 8,4 mm (largura) x 8,5 m (comprimento). O roller.<\/p>\n","protected":false},"excerpt":{"rendered":"<p>Cola tesa roller permanente reciclavel 8,4 mm x 8,50 m<\/p>\n","protected":false},"featured_media":118165,"comment_status":"closed","ping_status":"closed","template":"","meta":{"neve_meta_sidebar":"","neve_meta_container":"","neve_meta_enable_content_width":"","neve_meta_content_width":0,"neve_meta_title_alignment":"","neve_meta_author_avatar":"","neve_post_elements_order":"","neve_meta_disable_header":"","neve_meta_disable_footer":"","neve_meta_disable_title":""},"product_brand":[],"product_cat":[1759],"product_tag":[843],"class_list":{"0":"post-80089","1":"product","2":"type-product","3":"status-publish","4":"has-post-thumbnail","6":"product_cat-outros-adesivos","7":"product_tag-escolar","9":"first","10":"instock","11":"taxable","12":"shipping-taxable","13":"purchasable","14":"product-type-simple"},"_links":{"self":[{"href":"https:\/\/ifoffice.pt\/index.php?rest_route=\/wp\/v2\/product\/80089","targetHints":{"allow":["GET"]}}],"collection":[{"href":"https:\/\/ifoffice.pt\/index.php?rest_route=\/wp\/v2\/product"}],"about":[{"href":"https:\/\/ifoffice.pt\/index.php?rest_route=\/wp\/v2\/types\/product"}],"replies":[{"embeddable":true,"href":"https:\/\/ifoffice.pt\/index.php?rest_route=%2Fwp%2Fv2%2Fcomments&post=80089"}],"wp:featuredmedia":[{"embeddable":true,"href":"https:\/\/ifoffice.pt\/index.php?rest_route=\/wp\/v2\/media\/118165"}],"wp:attachment":[{"href":"https:\/\/ifoffice.pt\/index.php?rest_route=%2Fwp%2Fv2%2Fmedia&parent=80089"}],"wp:term":[{"taxonomy":"product_brand","embeddable":true,"href":"https:\/\/ifoffice.pt\/index.php?rest_route=%2Fwp%2Fv2%2Fproduct_brand&post=80089"},{"taxonomy":"product_cat","embeddable":true,"href":"https:\/\/ifoffice.pt\/index.php?rest_route=%2Fwp%2Fv2%2Fproduct_cat&post=80089"},{"taxonomy":"product_tag","embeddable":true,"href":"https:\/\/ifoffice.pt\/index.php?rest_route=%2Fwp%2Fv2%2Fproduct_tag&post=80089"}],"curies":[{"name":"wp","href":"https:\/\/api.w.org\/{rel}","templated":true}]}}