{"id":80087,"date":"2021-01-22T19:32:23","date_gmt":"2021-01-22T19:32:23","guid":{"rendered":"https:\/\/ifoffice.pt\/produto\/import-placeholder-for-150107\/"},"modified":"2026-02-23T13:10:08","modified_gmt":"2026-02-23T13:10:08","slug":"desumidificador-rubson-aero-360-aromaterapia-vainilla-recarga-em-pastilha","status":"publish","type":"product","link":"https:\/\/ifoffice.pt\/?product=desumidificador-rubson-aero-360-aromaterapia-vainilla-recarga-em-pastilha","title":{"rendered":"Desumidificador rubson aero 360 aromaterapia vainilla recarga em pastilha"},"content":{"rendered":"<p>Desumidificador com tecnologia em pastilha. Absorve o excesso de humidade  at\u00e9 40% mais de efic\u00e1cia comparando com outros desumidificadores e  neutraliza os maus odores. Funciona sem eletricidade. Recarga pastilha 2 em 1.  Cristais ultrativos para uma maior absor\u00e7\u00e3o da humidade e tecnologia anti odor  patenteada. Ideal para espa\u00e7os at\u00e9 22 m2\/55 m3. Peso: 0,45 kg.<\/p>\n","protected":false},"excerpt":{"rendered":"<p>Desumidificador rubson aero 360 aromaterapia vainilla recarga em pastilha<\/p>\n","protected":false},"featured_media":132410,"comment_status":"closed","ping_status":"closed","template":"","meta":{"neve_meta_sidebar":"","neve_meta_container":"","neve_meta_enable_content_width":"off","neve_meta_content_width":0,"neve_meta_title_alignment":"","neve_meta_author_avatar":"","neve_post_elements_order":"","neve_meta_disable_header":"","neve_meta_disable_footer":"","neve_meta_disable_title":""},"product_brand":[],"product_cat":[1792],"product_tag":[1495],"class_list":{"0":"post-80087","1":"product","2":"type-product","3":"status-publish","4":"has-post-thumbnail","6":"product_cat-produtos-de-limpeza","7":"product_tag-desumidificadores","9":"first","10":"instock","11":"taxable","12":"shipping-taxable","13":"purchasable","14":"product-type-simple"},"_links":{"self":[{"href":"https:\/\/ifoffice.pt\/index.php?rest_route=\/wp\/v2\/product\/80087","targetHints":{"allow":["GET"]}}],"collection":[{"href":"https:\/\/ifoffice.pt\/index.php?rest_route=\/wp\/v2\/product"}],"about":[{"href":"https:\/\/ifoffice.pt\/index.php?rest_route=\/wp\/v2\/types\/product"}],"replies":[{"embeddable":true,"href":"https:\/\/ifoffice.pt\/index.php?rest_route=%2Fwp%2Fv2%2Fcomments&post=80087"}],"wp:featuredmedia":[{"embeddable":true,"href":"https:\/\/ifoffice.pt\/index.php?rest_route=\/wp\/v2\/media\/132410"}],"wp:attachment":[{"href":"https:\/\/ifoffice.pt\/index.php?rest_route=%2Fwp%2Fv2%2Fmedia&parent=80087"}],"wp:term":[{"taxonomy":"product_brand","embeddable":true,"href":"https:\/\/ifoffice.pt\/index.php?rest_route=%2Fwp%2Fv2%2Fproduct_brand&post=80087"},{"taxonomy":"product_cat","embeddable":true,"href":"https:\/\/ifoffice.pt\/index.php?rest_route=%2Fwp%2Fv2%2Fproduct_cat&post=80087"},{"taxonomy":"product_tag","embeddable":true,"href":"https:\/\/ifoffice.pt\/index.php?rest_route=%2Fwp%2Fv2%2Fproduct_tag&post=80087"}],"curies":[{"name":"wp","href":"https:\/\/api.w.org\/{rel}","templated":true}]}}