{"id":79873,"date":"2021-01-22T19:31:03","date_gmt":"2021-01-22T19:31:03","guid":{"rendered":"https:\/\/ifoffice.pt\/produto\/import-placeholder-for-150328\/"},"modified":"2026-02-23T13:09:54","modified_gmt":"2026-02-23T13:09:54","slug":"porta-lapis-cep-magnetico-preto-78x74x95-mm","status":"publish","type":"product","link":"https:\/\/ifoffice.pt\/?product=porta-lapis-cep-magnetico-preto-78x74x95-mm","title":{"rendered":"Porta lapis cep magnetico preto 78x74x95 mm"},"content":{"rendered":"<p>Porta l\u00e1pis magn\u00e9tico com \u00edman muito forte, para superf\u00edcies de metal como quadros brancos ou arm\u00e1rios. Design moderno. Fabricado em poliestireno de alto impacto, 100% recicl\u00e1vel. 2 compartimentos para manter elementos retos. Medidas: 74 x 78 x 95 mm. O porta l\u00e1pis.<\/p>\n","protected":false},"excerpt":{"rendered":"<p>Porta lapis cep magnetico preto 78x74x95 mm<\/p>\n","protected":false},"featured_media":118084,"comment_status":"closed","ping_status":"closed","template":"","meta":{"neve_meta_sidebar":"","neve_meta_container":"","neve_meta_enable_content_width":"","neve_meta_content_width":0,"neve_meta_title_alignment":"","neve_meta_author_avatar":"","neve_post_elements_order":"","neve_meta_disable_header":"","neve_meta_disable_footer":"","neve_meta_disable_title":""},"product_brand":[],"product_cat":[1832],"product_tag":[2848],"class_list":{"0":"post-79873","1":"product","2":"type-product","3":"status-publish","4":"has-post-thumbnail","6":"product_cat-porta-lapis","7":"product_tag-porta-lapis-2","9":"first","10":"instock","11":"taxable","12":"shipping-taxable","13":"purchasable","14":"product-type-simple"},"_links":{"self":[{"href":"https:\/\/ifoffice.pt\/index.php?rest_route=\/wp\/v2\/product\/79873","targetHints":{"allow":["GET"]}}],"collection":[{"href":"https:\/\/ifoffice.pt\/index.php?rest_route=\/wp\/v2\/product"}],"about":[{"href":"https:\/\/ifoffice.pt\/index.php?rest_route=\/wp\/v2\/types\/product"}],"replies":[{"embeddable":true,"href":"https:\/\/ifoffice.pt\/index.php?rest_route=%2Fwp%2Fv2%2Fcomments&post=79873"}],"wp:featuredmedia":[{"embeddable":true,"href":"https:\/\/ifoffice.pt\/index.php?rest_route=\/wp\/v2\/media\/118084"}],"wp:attachment":[{"href":"https:\/\/ifoffice.pt\/index.php?rest_route=%2Fwp%2Fv2%2Fmedia&parent=79873"}],"wp:term":[{"taxonomy":"product_brand","embeddable":true,"href":"https:\/\/ifoffice.pt\/index.php?rest_route=%2Fwp%2Fv2%2Fproduct_brand&post=79873"},{"taxonomy":"product_cat","embeddable":true,"href":"https:\/\/ifoffice.pt\/index.php?rest_route=%2Fwp%2Fv2%2Fproduct_cat&post=79873"},{"taxonomy":"product_tag","embeddable":true,"href":"https:\/\/ifoffice.pt\/index.php?rest_route=%2Fwp%2Fv2%2Fproduct_tag&post=79873"}],"curies":[{"name":"wp","href":"https:\/\/api.w.org\/{rel}","templated":true}]}}