{"id":79853,"date":"2021-01-22T19:31:00","date_gmt":"2021-01-22T19:31:00","guid":{"rendered":"https:\/\/ifoffice.pt\/produto\/import-placeholder-for-150383\/"},"modified":"2026-02-23T13:09:53","modified_gmt":"2026-02-23T13:09:53","slug":"fita-adesiva-scotch-magic-33x19-mm-pack-de-8-unidades","status":"publish","type":"product","link":"https:\/\/ifoffice.pt\/?product=fita-adesiva-scotch-magic-33x19-mm-pack-de-8-unidades","title":{"rendered":"Fita adesiva scotch magic 33&#215;19 mm pack de 8 unidades"},"content":{"rendered":"<p>\u00c9 completamente transparente e invis\u00edvel, uma vez que a aplicamos sobre a maioria dos pap\u00e9is. Desenrola-se sem ru\u00eddo. N\u00e3o fica amarela, n\u00e3o se descola e n\u00e3o perde o adesivo com o passar do tempo. A\u00a0fita.<\/p>\n","protected":false},"excerpt":{"rendered":"<p>Fita adesiva scotch magic 33&#215;19 mm pack de 8 unidades<\/p>\n","protected":false},"featured_media":118068,"comment_status":"closed","ping_status":"closed","template":"","meta":{"neve_meta_sidebar":"","neve_meta_container":"","neve_meta_enable_content_width":"off","neve_meta_content_width":0,"neve_meta_title_alignment":"","neve_meta_author_avatar":"","neve_post_elements_order":"","neve_meta_disable_header":"","neve_meta_disable_footer":"","neve_meta_disable_title":""},"product_brand":[],"product_cat":[1800],"product_tag":[1583],"class_list":{"0":"post-79853","1":"product","2":"type-product","3":"status-publish","4":"has-post-thumbnail","6":"product_cat-fitas-adesivas","7":"product_tag-scotch","9":"first","10":"instock","11":"taxable","12":"shipping-taxable","13":"purchasable","14":"product-type-simple"},"_links":{"self":[{"href":"https:\/\/ifoffice.pt\/index.php?rest_route=\/wp\/v2\/product\/79853","targetHints":{"allow":["GET"]}}],"collection":[{"href":"https:\/\/ifoffice.pt\/index.php?rest_route=\/wp\/v2\/product"}],"about":[{"href":"https:\/\/ifoffice.pt\/index.php?rest_route=\/wp\/v2\/types\/product"}],"replies":[{"embeddable":true,"href":"https:\/\/ifoffice.pt\/index.php?rest_route=%2Fwp%2Fv2%2Fcomments&post=79853"}],"wp:featuredmedia":[{"embeddable":true,"href":"https:\/\/ifoffice.pt\/index.php?rest_route=\/wp\/v2\/media\/118068"}],"wp:attachment":[{"href":"https:\/\/ifoffice.pt\/index.php?rest_route=%2Fwp%2Fv2%2Fmedia&parent=79853"}],"wp:term":[{"taxonomy":"product_brand","embeddable":true,"href":"https:\/\/ifoffice.pt\/index.php?rest_route=%2Fwp%2Fv2%2Fproduct_brand&post=79853"},{"taxonomy":"product_cat","embeddable":true,"href":"https:\/\/ifoffice.pt\/index.php?rest_route=%2Fwp%2Fv2%2Fproduct_cat&post=79853"},{"taxonomy":"product_tag","embeddable":true,"href":"https:\/\/ifoffice.pt\/index.php?rest_route=%2Fwp%2Fv2%2Fproduct_tag&post=79853"}],"curies":[{"name":"wp","href":"https:\/\/api.w.org\/{rel}","templated":true}]}}