{"id":79267,"date":"2021-01-22T19:27:23","date_gmt":"2021-01-22T19:27:23","guid":{"rendered":"https:\/\/ifoffice.pt\/produto\/import-placeholder-for-150986\/"},"modified":"2026-04-06T15:54:58","modified_gmt":"2026-04-06T15:54:58","slug":"apoio-de-pes-fellowes-ajustavel-ergonomico-efeito-massagem","status":"publish","type":"product","link":"https:\/\/ifoffice.pt\/?product=apoio-de-pes-fellowes-ajustavel-ergonomico-efeito-massagem","title":{"rendered":"Apoio de pes fellowes ajustavel ergonomico efeito massagem"},"content":{"rendered":"<p>Apoio de p\u00e9s fabricado em pl\u00e1stico 100% reciclado. Melhora a circula\u00e7\u00e3o gra\u00e7as \u00e0 sua superf\u00edcie efeito massagem. Ajust\u00e1vel em altura e dupla posi\u00e7\u00e3o. Efeito balan\u00e7o. Certificado segundo a norma ISO-9241. Medidas: 952 x 447 x 333 mm.<\/p>\n","protected":false},"excerpt":{"rendered":"<p>Apoio de pes fellowes ajustavel ergonomico efeito massagem<\/p>\n","protected":false},"featured_media":117813,"comment_status":"closed","ping_status":"closed","template":"","meta":{"neve_meta_sidebar":"","neve_meta_container":"","neve_meta_enable_content_width":"off","neve_meta_content_width":100,"neve_meta_title_alignment":"","neve_meta_author_avatar":"","neve_post_elements_order":"","neve_meta_disable_header":"","neve_meta_disable_footer":"","neve_meta_disable_title":""},"product_brand":[],"product_cat":[1808],"product_tag":[1190,3234],"class_list":{"0":"post-79267","1":"product","2":"type-product","3":"status-publish","4":"has-post-thumbnail","6":"product_cat-ergonomia","7":"product_tag-apoio-de-pes","8":"product_tag-promocao-abril-2026","10":"first","11":"instock","12":"sale","13":"taxable","14":"shipping-taxable","15":"purchasable","16":"product-type-simple"},"_links":{"self":[{"href":"https:\/\/ifoffice.pt\/index.php?rest_route=\/wp\/v2\/product\/79267","targetHints":{"allow":["GET"]}}],"collection":[{"href":"https:\/\/ifoffice.pt\/index.php?rest_route=\/wp\/v2\/product"}],"about":[{"href":"https:\/\/ifoffice.pt\/index.php?rest_route=\/wp\/v2\/types\/product"}],"replies":[{"embeddable":true,"href":"https:\/\/ifoffice.pt\/index.php?rest_route=%2Fwp%2Fv2%2Fcomments&post=79267"}],"wp:featuredmedia":[{"embeddable":true,"href":"https:\/\/ifoffice.pt\/index.php?rest_route=\/wp\/v2\/media\/117813"}],"wp:attachment":[{"href":"https:\/\/ifoffice.pt\/index.php?rest_route=%2Fwp%2Fv2%2Fmedia&parent=79267"}],"wp:term":[{"taxonomy":"product_brand","embeddable":true,"href":"https:\/\/ifoffice.pt\/index.php?rest_route=%2Fwp%2Fv2%2Fproduct_brand&post=79267"},{"taxonomy":"product_cat","embeddable":true,"href":"https:\/\/ifoffice.pt\/index.php?rest_route=%2Fwp%2Fv2%2Fproduct_cat&post=79267"},{"taxonomy":"product_tag","embeddable":true,"href":"https:\/\/ifoffice.pt\/index.php?rest_route=%2Fwp%2Fv2%2Fproduct_tag&post=79267"}],"curies":[{"name":"wp","href":"https:\/\/api.w.org\/{rel}","templated":true}]}}