{"id":79211,"date":"2021-01-22T19:27:03","date_gmt":"2021-01-22T19:27:03","guid":{"rendered":"https:\/\/ifoffice.pt\/produto\/import-placeholder-for-151160\/"},"modified":"2025-03-12T14:50:26","modified_gmt":"2025-03-12T14:50:26","slug":"lampada-sunmatic-eco-halogena-vela-28w-e14-clara","status":"publish","type":"product","link":"https:\/\/ifoffice.pt\/?product=lampada-sunmatic-eco-halogena-vela-28w-e14-clara","title":{"rendered":"Lampada sunmatic eco halogena vela 28w e14 clara"},"content":{"rendered":"<p>L\u00e2mpada de elevada efici\u00eancia energ\u00e9tica e baixo consumo.<\/p>\n","protected":false},"excerpt":{"rendered":"<p>Lampada sunmatic eco halogena vela 28w e14 clara<\/p>\n","protected":false},"featured_media":117796,"comment_status":"closed","ping_status":"closed","template":"","meta":{"neve_meta_sidebar":"","neve_meta_container":"","neve_meta_enable_content_width":"off","neve_meta_content_width":0,"neve_meta_title_alignment":"","neve_meta_author_avatar":"","neve_post_elements_order":"","neve_meta_disable_header":"","neve_meta_disable_footer":"","neve_meta_disable_title":""},"product_brand":[],"product_cat":[1872],"product_tag":[1167],"class_list":{"0":"post-79211","1":"product","2":"type-product","3":"status-publish","4":"has-post-thumbnail","6":"product_cat-iluminacao","7":"product_tag-lampadas","9":"first","10":"instock","11":"taxable","12":"shipping-taxable","13":"purchasable","14":"product-type-simple"},"_links":{"self":[{"href":"https:\/\/ifoffice.pt\/index.php?rest_route=\/wp\/v2\/product\/79211","targetHints":{"allow":["GET"]}}],"collection":[{"href":"https:\/\/ifoffice.pt\/index.php?rest_route=\/wp\/v2\/product"}],"about":[{"href":"https:\/\/ifoffice.pt\/index.php?rest_route=\/wp\/v2\/types\/product"}],"replies":[{"embeddable":true,"href":"https:\/\/ifoffice.pt\/index.php?rest_route=%2Fwp%2Fv2%2Fcomments&post=79211"}],"wp:featuredmedia":[{"embeddable":true,"href":"https:\/\/ifoffice.pt\/index.php?rest_route=\/wp\/v2\/media\/117796"}],"wp:attachment":[{"href":"https:\/\/ifoffice.pt\/index.php?rest_route=%2Fwp%2Fv2%2Fmedia&parent=79211"}],"wp:term":[{"taxonomy":"product_brand","embeddable":true,"href":"https:\/\/ifoffice.pt\/index.php?rest_route=%2Fwp%2Fv2%2Fproduct_brand&post=79211"},{"taxonomy":"product_cat","embeddable":true,"href":"https:\/\/ifoffice.pt\/index.php?rest_route=%2Fwp%2Fv2%2Fproduct_cat&post=79211"},{"taxonomy":"product_tag","embeddable":true,"href":"https:\/\/ifoffice.pt\/index.php?rest_route=%2Fwp%2Fv2%2Fproduct_tag&post=79211"}],"curies":[{"name":"wp","href":"https:\/\/api.w.org\/{rel}","templated":true}]}}