{"id":79150,"date":"2021-01-22T19:26:42","date_gmt":"2021-01-22T19:26:42","guid":{"rendered":"https:\/\/ifoffice.pt\/produto\/import-placeholder-for-151245\/"},"modified":"2026-02-23T13:09:05","modified_gmt":"2026-02-23T13:09:05","slug":"cabo-hdmi-a-vga-jack-3-5-mm-mediarange-preto","status":"publish","type":"product","link":"https:\/\/ifoffice.pt\/?product=cabo-hdmi-a-vga-jack-3-5-mm-mediarange-preto","title":{"rendered":"Cabo hdmi a vga jack 3.5 mm mediarange preto"},"content":{"rendered":"<p>Cabo HDMI a VGA, com tomada de \u00e1udio jack est\u00e9reo de 3,5 mm inclu\u00edda. Conecta os distintos dispositivos com sa\u00edda HDMI a um monitor com entrada VGA (com transmiss\u00e3o \u00e1udio). Conectores banhados em ouro e cabo na cor preta.<\/p>\n","protected":false},"excerpt":{"rendered":"<p>Cabo hdmi a vga jack 3.5 mm mediarange preto<\/p>\n","protected":false},"featured_media":117775,"comment_status":"closed","ping_status":"closed","template":"","meta":{"neve_meta_sidebar":"","neve_meta_container":"","neve_meta_enable_content_width":"off","neve_meta_content_width":0,"neve_meta_title_alignment":"","neve_meta_author_avatar":"","neve_post_elements_order":"","neve_meta_disable_header":"","neve_meta_disable_footer":"","neve_meta_disable_title":""},"product_brand":[],"product_cat":[1819],"product_tag":[1180],"class_list":{"0":"post-79150","1":"product","2":"type-product","3":"status-publish","4":"has-post-thumbnail","6":"product_cat-conectividade-cabos-wifi-hub","7":"product_tag-cabos","9":"first","10":"instock","11":"taxable","12":"shipping-taxable","13":"purchasable","14":"product-type-simple"},"_links":{"self":[{"href":"https:\/\/ifoffice.pt\/index.php?rest_route=\/wp\/v2\/product\/79150","targetHints":{"allow":["GET"]}}],"collection":[{"href":"https:\/\/ifoffice.pt\/index.php?rest_route=\/wp\/v2\/product"}],"about":[{"href":"https:\/\/ifoffice.pt\/index.php?rest_route=\/wp\/v2\/types\/product"}],"replies":[{"embeddable":true,"href":"https:\/\/ifoffice.pt\/index.php?rest_route=%2Fwp%2Fv2%2Fcomments&post=79150"}],"wp:featuredmedia":[{"embeddable":true,"href":"https:\/\/ifoffice.pt\/index.php?rest_route=\/wp\/v2\/media\/117775"}],"wp:attachment":[{"href":"https:\/\/ifoffice.pt\/index.php?rest_route=%2Fwp%2Fv2%2Fmedia&parent=79150"}],"wp:term":[{"taxonomy":"product_brand","embeddable":true,"href":"https:\/\/ifoffice.pt\/index.php?rest_route=%2Fwp%2Fv2%2Fproduct_brand&post=79150"},{"taxonomy":"product_cat","embeddable":true,"href":"https:\/\/ifoffice.pt\/index.php?rest_route=%2Fwp%2Fv2%2Fproduct_cat&post=79150"},{"taxonomy":"product_tag","embeddable":true,"href":"https:\/\/ifoffice.pt\/index.php?rest_route=%2Fwp%2Fv2%2Fproduct_tag&post=79150"}],"curies":[{"name":"wp","href":"https:\/\/api.w.org\/{rel}","templated":true}]}}