{"id":79138,"date":"2021-01-22T19:26:41","date_gmt":"2021-01-22T19:26:41","guid":{"rendered":"https:\/\/ifoffice.pt\/produto\/import-placeholder-for-151284\/"},"modified":"2025-03-12T11:29:15","modified_gmt":"2025-03-12T11:29:15","slug":"esferografica-parker-sonnet-lacada-preto-ct","status":"publish","type":"product","link":"https:\/\/ifoffice.pt\/?product=esferografica-parker-sonnet-lacada-preto-ct","title":{"rendered":"Esferografica parker sonnet lacada preto ct"},"content":{"rendered":"<p>Esferogr\u00e1fica de metal lacado em resina preta brilhante. Adornos cromados e anel com imagem de marca. Acabamento com um clip em forma de seta em a\u00e7o inoxid\u00e1vel. Mecanismo girat\u00f3rio. Apresenta\u00e7\u00e3o em estojo de oferta.<\/p>\n","protected":false},"excerpt":{"rendered":"<p>Esferografica parker sonnet lacada preto ct<\/p>\n","protected":false},"featured_media":117770,"comment_status":"closed","ping_status":"closed","template":"","meta":{"neve_meta_sidebar":"","neve_meta_container":"","neve_meta_enable_content_width":"","neve_meta_content_width":0,"neve_meta_title_alignment":"","neve_meta_author_avatar":"","neve_post_elements_order":"","neve_meta_disable_header":"","neve_meta_disable_footer":"","neve_meta_disable_title":""},"product_brand":[],"product_cat":[1762],"product_tag":[817],"class_list":{"0":"post-79138","1":"product","2":"type-product","3":"status-publish","4":"has-post-thumbnail","6":"product_cat-estojo-parker","7":"product_tag-esferografica","9":"first","10":"outofstock","11":"taxable","12":"shipping-taxable","13":"purchasable","14":"product-type-simple"},"_links":{"self":[{"href":"https:\/\/ifoffice.pt\/index.php?rest_route=\/wp\/v2\/product\/79138","targetHints":{"allow":["GET"]}}],"collection":[{"href":"https:\/\/ifoffice.pt\/index.php?rest_route=\/wp\/v2\/product"}],"about":[{"href":"https:\/\/ifoffice.pt\/index.php?rest_route=\/wp\/v2\/types\/product"}],"replies":[{"embeddable":true,"href":"https:\/\/ifoffice.pt\/index.php?rest_route=%2Fwp%2Fv2%2Fcomments&post=79138"}],"wp:featuredmedia":[{"embeddable":true,"href":"https:\/\/ifoffice.pt\/index.php?rest_route=\/wp\/v2\/media\/117770"}],"wp:attachment":[{"href":"https:\/\/ifoffice.pt\/index.php?rest_route=%2Fwp%2Fv2%2Fmedia&parent=79138"}],"wp:term":[{"taxonomy":"product_brand","embeddable":true,"href":"https:\/\/ifoffice.pt\/index.php?rest_route=%2Fwp%2Fv2%2Fproduct_brand&post=79138"},{"taxonomy":"product_cat","embeddable":true,"href":"https:\/\/ifoffice.pt\/index.php?rest_route=%2Fwp%2Fv2%2Fproduct_cat&post=79138"},{"taxonomy":"product_tag","embeddable":true,"href":"https:\/\/ifoffice.pt\/index.php?rest_route=%2Fwp%2Fv2%2Fproduct_tag&post=79138"}],"curies":[{"name":"wp","href":"https:\/\/api.w.org\/{rel}","templated":true}]}}