{"id":78854,"date":"2021-01-22T19:24:58","date_gmt":"2021-01-22T19:24:58","guid":{"rendered":"https:\/\/ifoffice.pt\/produto\/import-placeholder-for-152143\/"},"modified":"2026-02-23T14:54:33","modified_gmt":"2026-02-23T14:54:33","slug":"esferografica-pelikan-stick-super-soft-preto","status":"publish","type":"product","link":"https:\/\/ifoffice.pt\/?product=esferografica-pelikan-stick-super-soft-preto","title":{"rendered":"Esferografica pelikan stick super soft preto"},"content":{"rendered":"<p>Esferogr\u00e1fica de escrita super suave com tinta \u00e0 base de \u00f3leo. Tampa da cor da tinta. Corpo triangular transparente que permite ver o n\u00edvel da tinta. Indicado tanto para uso escolar como para escrit\u00f3rio. Ponta de 1,8\u00a0mm. Tra\u00e7o de 0,4\u00a0mm.<\/p>\n","protected":false},"excerpt":{"rendered":"<p>PACK DE 50 UNIDADES<\/p>\n","protected":false},"featured_media":117667,"comment_status":"closed","ping_status":"closed","template":"","meta":{"neve_meta_sidebar":"","neve_meta_container":"","neve_meta_enable_content_width":"off","neve_meta_content_width":70,"neve_meta_title_alignment":"","neve_meta_author_avatar":"","neve_post_elements_order":"","neve_meta_disable_header":"","neve_meta_disable_footer":"","neve_meta_disable_title":""},"product_brand":[],"product_cat":[1761],"product_tag":[1015,924],"class_list":{"0":"post-78854","1":"product","2":"type-product","3":"status-publish","4":"has-post-thumbnail","6":"product_cat-esferograficas","7":"product_tag-4-mm","8":"product_tag-com-tampa","10":"first","11":"instock","12":"taxable","13":"shipping-taxable","14":"purchasable","15":"product-type-simple"},"_links":{"self":[{"href":"https:\/\/ifoffice.pt\/index.php?rest_route=\/wp\/v2\/product\/78854","targetHints":{"allow":["GET"]}}],"collection":[{"href":"https:\/\/ifoffice.pt\/index.php?rest_route=\/wp\/v2\/product"}],"about":[{"href":"https:\/\/ifoffice.pt\/index.php?rest_route=\/wp\/v2\/types\/product"}],"replies":[{"embeddable":true,"href":"https:\/\/ifoffice.pt\/index.php?rest_route=%2Fwp%2Fv2%2Fcomments&post=78854"}],"wp:featuredmedia":[{"embeddable":true,"href":"https:\/\/ifoffice.pt\/index.php?rest_route=\/wp\/v2\/media\/117667"}],"wp:attachment":[{"href":"https:\/\/ifoffice.pt\/index.php?rest_route=%2Fwp%2Fv2%2Fmedia&parent=78854"}],"wp:term":[{"taxonomy":"product_brand","embeddable":true,"href":"https:\/\/ifoffice.pt\/index.php?rest_route=%2Fwp%2Fv2%2Fproduct_brand&post=78854"},{"taxonomy":"product_cat","embeddable":true,"href":"https:\/\/ifoffice.pt\/index.php?rest_route=%2Fwp%2Fv2%2Fproduct_cat&post=78854"},{"taxonomy":"product_tag","embeddable":true,"href":"https:\/\/ifoffice.pt\/index.php?rest_route=%2Fwp%2Fv2%2Fproduct_tag&post=78854"}],"curies":[{"name":"wp","href":"https:\/\/api.w.org\/{rel}","templated":true}]}}