{"id":78427,"date":"2021-01-22T17:56:51","date_gmt":"2021-01-22T17:56:51","guid":{"rendered":"https:\/\/ifoffice.pt\/produto\/import-placeholder-for-153410\/"},"modified":"2026-02-23T13:08:17","modified_gmt":"2026-02-23T13:08:17","slug":"lanterna-q-connect-kf18748-inclui-3-pilhas-aaa","status":"publish","type":"product","link":"https:\/\/ifoffice.pt\/?product=lanterna-q-connect-kf18748-inclui-3-pilhas-aaa","title":{"rendered":"Lanterna q-connect kf18748 inclui 3 pilhas aaa"},"content":{"rendered":"<p>Lanterna telesc\u00f3pica de alum\u00ednio. V\u00e1rios modos: alto-m\u00e9dio-baixo-estrobosc\u00f3pico- SOS. Inclui 3 pilhas AAA.<\/p>\n","protected":false},"excerpt":{"rendered":"<p>Lanterna q-connect kf18748 inclui 3 pilhas aaa<\/p>\n","protected":false},"featured_media":117504,"comment_status":"closed","ping_status":"closed","template":"","meta":{"neve_meta_sidebar":"","neve_meta_container":"","neve_meta_enable_content_width":"off","neve_meta_content_width":0,"neve_meta_title_alignment":"","neve_meta_author_avatar":"","neve_post_elements_order":"","neve_meta_disable_header":"","neve_meta_disable_footer":"","neve_meta_disable_title":""},"product_brand":[],"product_cat":[1952],"product_tag":[1524],"class_list":{"0":"post-78427","1":"product","2":"type-product","3":"status-publish","4":"has-post-thumbnail","6":"product_cat-outros-artigos-de-fantasia","7":"product_tag-lanternas","9":"first","10":"instock","11":"sale","12":"taxable","13":"shipping-taxable","14":"purchasable","15":"product-type-simple"},"_links":{"self":[{"href":"https:\/\/ifoffice.pt\/index.php?rest_route=\/wp\/v2\/product\/78427","targetHints":{"allow":["GET"]}}],"collection":[{"href":"https:\/\/ifoffice.pt\/index.php?rest_route=\/wp\/v2\/product"}],"about":[{"href":"https:\/\/ifoffice.pt\/index.php?rest_route=\/wp\/v2\/types\/product"}],"replies":[{"embeddable":true,"href":"https:\/\/ifoffice.pt\/index.php?rest_route=%2Fwp%2Fv2%2Fcomments&post=78427"}],"wp:featuredmedia":[{"embeddable":true,"href":"https:\/\/ifoffice.pt\/index.php?rest_route=\/wp\/v2\/media\/117504"}],"wp:attachment":[{"href":"https:\/\/ifoffice.pt\/index.php?rest_route=%2Fwp%2Fv2%2Fmedia&parent=78427"}],"wp:term":[{"taxonomy":"product_brand","embeddable":true,"href":"https:\/\/ifoffice.pt\/index.php?rest_route=%2Fwp%2Fv2%2Fproduct_brand&post=78427"},{"taxonomy":"product_cat","embeddable":true,"href":"https:\/\/ifoffice.pt\/index.php?rest_route=%2Fwp%2Fv2%2Fproduct_cat&post=78427"},{"taxonomy":"product_tag","embeddable":true,"href":"https:\/\/ifoffice.pt\/index.php?rest_route=%2Fwp%2Fv2%2Fproduct_tag&post=78427"}],"curies":[{"name":"wp","href":"https:\/\/api.w.org\/{rel}","templated":true}]}}