{"id":78371,"date":"2021-01-22T17:56:27","date_gmt":"2021-01-22T17:56:27","guid":{"rendered":"https:\/\/ifoffice.pt\/produto\/import-placeholder-for-153570\/"},"modified":"2026-02-23T13:08:11","modified_gmt":"2026-02-23T13:08:11","slug":"organizador-de-secretaria-q-connect-metalico-giratorio-preto-165x165x160-mm","status":"publish","type":"product","link":"https:\/\/ifoffice.pt\/?product=organizador-de-secretaria-q-connect-metalico-giratorio-preto-165x165x160-mm","title":{"rendered":"Organizador de secretaria q-connect metalico giratorio preto 165x165x160 mm"},"content":{"rendered":"<p>Organizador de secret\u00e1ria met\u00e1lico girat\u00f3rio. Modelo de rede em preto. N\u00e3o inclui acess\u00f3rios. Medidas: 165 x 165 x 160 mm. O organizador.<\/p>\n","protected":false},"excerpt":{"rendered":"<p>Organizador de secretaria q-connect metalico giratorio preto 165x165x160 mm<\/p>\n","protected":false},"featured_media":117474,"comment_status":"closed","ping_status":"closed","template":"","meta":{"neve_meta_sidebar":"","neve_meta_container":"","neve_meta_enable_content_width":"","neve_meta_content_width":0,"neve_meta_title_alignment":"","neve_meta_author_avatar":"","neve_post_elements_order":"","neve_meta_disable_header":"","neve_meta_disable_footer":"","neve_meta_disable_title":""},"product_brand":[],"product_cat":[1900],"product_tag":[1229],"class_list":{"0":"post-78371","1":"product","2":"type-product","3":"status-publish","4":"has-post-thumbnail","6":"product_cat-organizadores","7":"product_tag-organizadores","9":"first","10":"instock","11":"taxable","12":"shipping-taxable","13":"purchasable","14":"product-type-simple"},"_links":{"self":[{"href":"https:\/\/ifoffice.pt\/index.php?rest_route=\/wp\/v2\/product\/78371","targetHints":{"allow":["GET"]}}],"collection":[{"href":"https:\/\/ifoffice.pt\/index.php?rest_route=\/wp\/v2\/product"}],"about":[{"href":"https:\/\/ifoffice.pt\/index.php?rest_route=\/wp\/v2\/types\/product"}],"replies":[{"embeddable":true,"href":"https:\/\/ifoffice.pt\/index.php?rest_route=%2Fwp%2Fv2%2Fcomments&post=78371"}],"wp:featuredmedia":[{"embeddable":true,"href":"https:\/\/ifoffice.pt\/index.php?rest_route=\/wp\/v2\/media\/117474"}],"wp:attachment":[{"href":"https:\/\/ifoffice.pt\/index.php?rest_route=%2Fwp%2Fv2%2Fmedia&parent=78371"}],"wp:term":[{"taxonomy":"product_brand","embeddable":true,"href":"https:\/\/ifoffice.pt\/index.php?rest_route=%2Fwp%2Fv2%2Fproduct_brand&post=78371"},{"taxonomy":"product_cat","embeddable":true,"href":"https:\/\/ifoffice.pt\/index.php?rest_route=%2Fwp%2Fv2%2Fproduct_cat&post=78371"},{"taxonomy":"product_tag","embeddable":true,"href":"https:\/\/ifoffice.pt\/index.php?rest_route=%2Fwp%2Fv2%2Fproduct_tag&post=78371"}],"curies":[{"name":"wp","href":"https:\/\/api.w.org\/{rel}","templated":true}]}}