{"id":78282,"date":"2021-01-22T17:55:43","date_gmt":"2021-01-22T17:55:43","guid":{"rendered":"https:\/\/ifoffice.pt\/produto\/import-placeholder-for-153622\/"},"modified":"2026-02-23T13:08:07","modified_gmt":"2026-02-23T13:08:07","slug":"pinca-identificadora-3l-metalica-pack-de-10-unidades","status":"publish","type":"product","link":"https:\/\/ifoffice.pt\/?product=pinca-identificadora-3l-metalica-pack-de-10-unidades","title":{"rendered":"Pin\u00e7a identificadora 3l metalica pack de 10 unidades"},"content":{"rendered":"<p>Mola met\u00e1lica para cart\u00e3o identificador. Pr\u00e1tico e de excelente qualidade. Pack de 10 molas.<\/p>\n","protected":false},"excerpt":{"rendered":"<p>Pin\u00e7a identificadora 3l metalica pack de 10 unidades<\/p>\n","protected":false},"featured_media":117446,"comment_status":"closed","ping_status":"closed","template":"","meta":{"neve_meta_sidebar":"","neve_meta_container":"","neve_meta_enable_content_width":"","neve_meta_content_width":0,"neve_meta_title_alignment":"","neve_meta_author_avatar":"","neve_post_elements_order":"","neve_meta_disable_header":"","neve_meta_disable_footer":"","neve_meta_disable_title":""},"product_brand":[],"product_cat":[1909],"product_tag":[1339],"class_list":{"0":"post-78282","1":"product","2":"type-product","3":"status-publish","4":"has-post-thumbnail","6":"product_cat-identificadores","7":"product_tag-mola","9":"first","10":"instock","11":"taxable","12":"shipping-taxable","13":"purchasable","14":"product-type-simple"},"_links":{"self":[{"href":"https:\/\/ifoffice.pt\/index.php?rest_route=\/wp\/v2\/product\/78282","targetHints":{"allow":["GET"]}}],"collection":[{"href":"https:\/\/ifoffice.pt\/index.php?rest_route=\/wp\/v2\/product"}],"about":[{"href":"https:\/\/ifoffice.pt\/index.php?rest_route=\/wp\/v2\/types\/product"}],"replies":[{"embeddable":true,"href":"https:\/\/ifoffice.pt\/index.php?rest_route=%2Fwp%2Fv2%2Fcomments&post=78282"}],"wp:featuredmedia":[{"embeddable":true,"href":"https:\/\/ifoffice.pt\/index.php?rest_route=\/wp\/v2\/media\/117446"}],"wp:attachment":[{"href":"https:\/\/ifoffice.pt\/index.php?rest_route=%2Fwp%2Fv2%2Fmedia&parent=78282"}],"wp:term":[{"taxonomy":"product_brand","embeddable":true,"href":"https:\/\/ifoffice.pt\/index.php?rest_route=%2Fwp%2Fv2%2Fproduct_brand&post=78282"},{"taxonomy":"product_cat","embeddable":true,"href":"https:\/\/ifoffice.pt\/index.php?rest_route=%2Fwp%2Fv2%2Fproduct_cat&post=78282"},{"taxonomy":"product_tag","embeddable":true,"href":"https:\/\/ifoffice.pt\/index.php?rest_route=%2Fwp%2Fv2%2Fproduct_tag&post=78282"}],"curies":[{"name":"wp","href":"https:\/\/api.w.org\/{rel}","templated":true}]}}