{"id":78101,"date":"2021-01-22T17:54:29","date_gmt":"2021-01-22T17:54:29","guid":{"rendered":"https:\/\/ifoffice.pt\/produto\/import-placeholder-for-153777\/"},"modified":"2025-05-21T09:47:15","modified_gmt":"2025-05-21T09:47:15","slug":"esferografica-bic-gelocity-illusion-apagavel-azul-ponta-de-07-mm","status":"publish","type":"product","link":"https:\/\/ifoffice.pt\/?product=esferografica-bic-gelocity-illusion-apagavel-azul-ponta-de-07-mm","title":{"rendered":"Esferografica bic gelocity illusion apagavel azul ponta de 0,7 mm"},"content":{"rendered":"<p>Esferogr\u00e1fica com tinta de gel. Tinta apag\u00e1vel com tecnologia termo sens\u00edvel. Escrita suave e c\u00f3moda grip de borracha. Ponta 0,7 mm e tra\u00e7o 0,3 mm.<\/p>\n","protected":false},"excerpt":{"rendered":"<p>PACK DE 12 UNIDADES<\/p>\n","protected":false},"featured_media":117378,"comment_status":"closed","ping_status":"closed","template":"","meta":{"neve_meta_sidebar":"","neve_meta_container":"","neve_meta_enable_content_width":"off","neve_meta_content_width":0,"neve_meta_title_alignment":"","neve_meta_author_avatar":"","neve_post_elements_order":"","neve_meta_disable_header":"","neve_meta_disable_footer":"","neve_meta_disable_title":""},"product_brand":[],"product_cat":[1761],"product_tag":[1315,1016],"class_list":{"0":"post-78101","1":"product","2":"type-product","3":"status-publish","4":"has-post-thumbnail","6":"product_cat-esferograficas","7":"product_tag-3-mm","8":"product_tag-gel","10":"first","11":"outofstock","12":"taxable","13":"shipping-taxable","14":"purchasable","15":"product-type-variable","16":"has-default-attributes"},"_links":{"self":[{"href":"https:\/\/ifoffice.pt\/index.php?rest_route=\/wp\/v2\/product\/78101","targetHints":{"allow":["GET"]}}],"collection":[{"href":"https:\/\/ifoffice.pt\/index.php?rest_route=\/wp\/v2\/product"}],"about":[{"href":"https:\/\/ifoffice.pt\/index.php?rest_route=\/wp\/v2\/types\/product"}],"replies":[{"embeddable":true,"href":"https:\/\/ifoffice.pt\/index.php?rest_route=%2Fwp%2Fv2%2Fcomments&post=78101"}],"wp:featuredmedia":[{"embeddable":true,"href":"https:\/\/ifoffice.pt\/index.php?rest_route=\/wp\/v2\/media\/117378"}],"wp:attachment":[{"href":"https:\/\/ifoffice.pt\/index.php?rest_route=%2Fwp%2Fv2%2Fmedia&parent=78101"}],"wp:term":[{"taxonomy":"product_brand","embeddable":true,"href":"https:\/\/ifoffice.pt\/index.php?rest_route=%2Fwp%2Fv2%2Fproduct_brand&post=78101"},{"taxonomy":"product_cat","embeddable":true,"href":"https:\/\/ifoffice.pt\/index.php?rest_route=%2Fwp%2Fv2%2Fproduct_cat&post=78101"},{"taxonomy":"product_tag","embeddable":true,"href":"https:\/\/ifoffice.pt\/index.php?rest_route=%2Fwp%2Fv2%2Fproduct_tag&post=78101"}],"curies":[{"name":"wp","href":"https:\/\/api.w.org\/{rel}","templated":true}]}}