{"id":78023,"date":"2021-01-22T17:54:05","date_gmt":"2021-01-22T17:54:05","guid":{"rendered":"https:\/\/ifoffice.pt\/produto\/import-placeholder-for-153870\/"},"modified":"2026-02-23T13:07:51","modified_gmt":"2026-02-23T13:07:51","slug":"tesoura-para-cozinha-arcos-aco-inoxidavel-cabo-plastico-215-mm","status":"publish","type":"product","link":"https:\/\/ifoffice.pt\/?product=tesoura-para-cozinha-arcos-aco-inoxidavel-cabo-plastico-215-mm","title":{"rendered":"Tesoura para cozinha arcos aco inoxidavel cabo plastico 215 mm"},"content":{"rendered":"<p>Tesoura em a\u00e7o e cabo de pl\u00e1stico ergon\u00f3mico. Comprimento: 21,5 cm.<\/p>\n","protected":false},"excerpt":{"rendered":"<p>Tesoura para cozinha arcos aco inoxidavel cabo plastico 215 mm<\/p>\n","protected":false},"featured_media":117363,"comment_status":"closed","ping_status":"closed","template":"","meta":{"neve_meta_sidebar":"","neve_meta_container":"","neve_meta_enable_content_width":"off","neve_meta_content_width":0,"neve_meta_title_alignment":"","neve_meta_author_avatar":"","neve_post_elements_order":"","neve_meta_disable_header":"","neve_meta_disable_footer":"","neve_meta_disable_title":""},"product_brand":[],"product_cat":[1777],"product_tag":[1486,2645],"class_list":{"0":"post-78023","1":"product","2":"type-product","3":"status-publish","4":"has-post-thumbnail","6":"product_cat-tesouras","7":"product_tag-arcos","8":"product_tag-cozinha","10":"first","11":"instock","12":"taxable","13":"shipping-taxable","14":"purchasable","15":"product-type-simple"},"_links":{"self":[{"href":"https:\/\/ifoffice.pt\/index.php?rest_route=\/wp\/v2\/product\/78023","targetHints":{"allow":["GET"]}}],"collection":[{"href":"https:\/\/ifoffice.pt\/index.php?rest_route=\/wp\/v2\/product"}],"about":[{"href":"https:\/\/ifoffice.pt\/index.php?rest_route=\/wp\/v2\/types\/product"}],"replies":[{"embeddable":true,"href":"https:\/\/ifoffice.pt\/index.php?rest_route=%2Fwp%2Fv2%2Fcomments&post=78023"}],"wp:featuredmedia":[{"embeddable":true,"href":"https:\/\/ifoffice.pt\/index.php?rest_route=\/wp\/v2\/media\/117363"}],"wp:attachment":[{"href":"https:\/\/ifoffice.pt\/index.php?rest_route=%2Fwp%2Fv2%2Fmedia&parent=78023"}],"wp:term":[{"taxonomy":"product_brand","embeddable":true,"href":"https:\/\/ifoffice.pt\/index.php?rest_route=%2Fwp%2Fv2%2Fproduct_brand&post=78023"},{"taxonomy":"product_cat","embeddable":true,"href":"https:\/\/ifoffice.pt\/index.php?rest_route=%2Fwp%2Fv2%2Fproduct_cat&post=78023"},{"taxonomy":"product_tag","embeddable":true,"href":"https:\/\/ifoffice.pt\/index.php?rest_route=%2Fwp%2Fv2%2Fproduct_tag&post=78023"}],"curies":[{"name":"wp","href":"https:\/\/api.w.org\/{rel}","templated":true}]}}