{"id":78022,"date":"2021-01-22T17:54:05","date_gmt":"2021-01-22T17:54:05","guid":{"rendered":"https:\/\/ifoffice.pt\/produto\/import-placeholder-for-153871\/"},"modified":"2026-02-23T13:07:51","modified_gmt":"2026-02-23T13:07:51","slug":"faca-para-cozinha-arcos-universal-aco-inoxidavel-150-mm","status":"publish","type":"product","link":"https:\/\/ifoffice.pt\/?product=faca-para-cozinha-arcos-universal-aco-inoxidavel-150-mm","title":{"rendered":"Faca para cozinha arcos universal aco inoxidavel 150 mm"},"content":{"rendered":"<p>Faca em a\u00e7o inoxid\u00e1vel e cabo em Polioximetileno (POM), muito resistente e indeform\u00e1vel a temperaturas extremas (de -40\u00baC at\u00e9 150\u00baC). Medida: 15 cm.<\/p>\n","protected":false},"excerpt":{"rendered":"<p>Faca para cozinha arcos universal aco inoxidavel 150 mm<\/p>\n","protected":false},"featured_media":117362,"comment_status":"closed","ping_status":"closed","template":"","meta":{"neve_meta_sidebar":"","neve_meta_container":"","neve_meta_enable_content_width":"off","neve_meta_content_width":0,"neve_meta_title_alignment":"","neve_meta_author_avatar":"","neve_post_elements_order":"","neve_meta_disable_header":"","neve_meta_disable_footer":"","neve_meta_disable_title":""},"product_brand":[],"product_cat":[1814],"product_tag":[2645,1485],"class_list":{"0":"post-78022","1":"product","2":"type-product","3":"status-publish","4":"has-post-thumbnail","6":"product_cat-talheres-pratos-e-copos","7":"product_tag-cozinha","8":"product_tag-talheres","10":"first","11":"instock","12":"taxable","13":"shipping-taxable","14":"purchasable","15":"product-type-simple"},"_links":{"self":[{"href":"https:\/\/ifoffice.pt\/index.php?rest_route=\/wp\/v2\/product\/78022","targetHints":{"allow":["GET"]}}],"collection":[{"href":"https:\/\/ifoffice.pt\/index.php?rest_route=\/wp\/v2\/product"}],"about":[{"href":"https:\/\/ifoffice.pt\/index.php?rest_route=\/wp\/v2\/types\/product"}],"replies":[{"embeddable":true,"href":"https:\/\/ifoffice.pt\/index.php?rest_route=%2Fwp%2Fv2%2Fcomments&post=78022"}],"wp:featuredmedia":[{"embeddable":true,"href":"https:\/\/ifoffice.pt\/index.php?rest_route=\/wp\/v2\/media\/117362"}],"wp:attachment":[{"href":"https:\/\/ifoffice.pt\/index.php?rest_route=%2Fwp%2Fv2%2Fmedia&parent=78022"}],"wp:term":[{"taxonomy":"product_brand","embeddable":true,"href":"https:\/\/ifoffice.pt\/index.php?rest_route=%2Fwp%2Fv2%2Fproduct_brand&post=78022"},{"taxonomy":"product_cat","embeddable":true,"href":"https:\/\/ifoffice.pt\/index.php?rest_route=%2Fwp%2Fv2%2Fproduct_cat&post=78022"},{"taxonomy":"product_tag","embeddable":true,"href":"https:\/\/ifoffice.pt\/index.php?rest_route=%2Fwp%2Fv2%2Fproduct_tag&post=78022"}],"curies":[{"name":"wp","href":"https:\/\/api.w.org\/{rel}","templated":true}]}}