{"id":77925,"date":"2021-01-22T17:53:22","date_gmt":"2021-01-22T17:53:22","guid":{"rendered":"https:\/\/ifoffice.pt\/produto\/import-placeholder-for-153940\/"},"modified":"2026-02-23T13:07:45","modified_gmt":"2026-02-23T13:07:45","slug":"compasso-rotring-compact-universal-ajuste-rapido-raio-13-cm","status":"publish","type":"product","link":"https:\/\/ifoffice.pt\/?product=compasso-rotring-compact-universal-ajuste-rapido-raio-13-cm","title":{"rendered":"Compasso rotring compact universal ajuste rapido raio 13 cm"},"content":{"rendered":"<p>Compasso universal de ajuste r\u00e1pido e f\u00e1cil do raio. Comprimento: 13 cms. Circunfer\u00eancia: 32 cms. Com caixa de minas.<\/p>\n","protected":false},"excerpt":{"rendered":"<p>Compasso rotring compact universal ajuste rapido raio 13 cm<\/p>\n","protected":false},"featured_media":117323,"comment_status":"closed","ping_status":"closed","template":"","meta":{"neve_meta_sidebar":"","neve_meta_container":"","neve_meta_enable_content_width":"off","neve_meta_content_width":0,"neve_meta_title_alignment":"","neve_meta_author_avatar":"","neve_post_elements_order":"","neve_meta_disable_header":"","neve_meta_disable_footer":"","neve_meta_disable_title":""},"product_brand":[],"product_cat":[1857],"product_tag":[1476],"class_list":{"0":"post-77925","1":"product","2":"type-product","3":"status-publish","4":"has-post-thumbnail","6":"product_cat-compassos","7":"product_tag-universal","9":"first","10":"instock","11":"taxable","12":"shipping-taxable","13":"purchasable","14":"product-type-simple"},"_links":{"self":[{"href":"https:\/\/ifoffice.pt\/index.php?rest_route=\/wp\/v2\/product\/77925","targetHints":{"allow":["GET"]}}],"collection":[{"href":"https:\/\/ifoffice.pt\/index.php?rest_route=\/wp\/v2\/product"}],"about":[{"href":"https:\/\/ifoffice.pt\/index.php?rest_route=\/wp\/v2\/types\/product"}],"replies":[{"embeddable":true,"href":"https:\/\/ifoffice.pt\/index.php?rest_route=%2Fwp%2Fv2%2Fcomments&post=77925"}],"wp:featuredmedia":[{"embeddable":true,"href":"https:\/\/ifoffice.pt\/index.php?rest_route=\/wp\/v2\/media\/117323"}],"wp:attachment":[{"href":"https:\/\/ifoffice.pt\/index.php?rest_route=%2Fwp%2Fv2%2Fmedia&parent=77925"}],"wp:term":[{"taxonomy":"product_brand","embeddable":true,"href":"https:\/\/ifoffice.pt\/index.php?rest_route=%2Fwp%2Fv2%2Fproduct_brand&post=77925"},{"taxonomy":"product_cat","embeddable":true,"href":"https:\/\/ifoffice.pt\/index.php?rest_route=%2Fwp%2Fv2%2Fproduct_cat&post=77925"},{"taxonomy":"product_tag","embeddable":true,"href":"https:\/\/ifoffice.pt\/index.php?rest_route=%2Fwp%2Fv2%2Fproduct_tag&post=77925"}],"curies":[{"name":"wp","href":"https:\/\/api.w.org\/{rel}","templated":true}]}}