{"id":77924,"date":"2021-01-22T17:53:22","date_gmt":"2021-01-22T17:53:22","guid":{"rendered":"https:\/\/ifoffice.pt\/produto\/import-placeholder-for-153941\/"},"modified":"2026-02-23T13:07:44","modified_gmt":"2026-02-23T13:07:44","slug":"compasso-rotring-compact-micrometrico-ajuste-rapido-comprimento-17-cm","status":"publish","type":"product","link":"https:\/\/ifoffice.pt\/?product=compasso-rotring-compact-micrometrico-ajuste-rapido-comprimento-17-cm","title":{"rendered":"Compasso rotring compact micrometrico ajuste rapido comprimento 17 cm"},"content":{"rendered":"<p>Compasso microm\u00e9trico com configura\u00e7\u00e3o exata do raio. Abertura e fecho simult\u00e2neos com ambos bra\u00e7os. Alta resist\u00eancia a altera\u00e7\u00f5es fortuitas no raio. Uso c\u00f3modo gra\u00e7as ao agarre de pl\u00e1stico com pontos. Tubo de minas e agulha de recarga. Comprimento: 17 cm. Circunfer\u00eancia: 36 cm. O compasso.<\/p>\n","protected":false},"excerpt":{"rendered":"<p>Compasso rotring compact micrometrico ajuste rapido comprimento 17 cm<\/p>\n","protected":false},"featured_media":117322,"comment_status":"closed","ping_status":"closed","template":"","meta":{"neve_meta_sidebar":"","neve_meta_container":"","neve_meta_enable_content_width":"off","neve_meta_content_width":0,"neve_meta_title_alignment":"","neve_meta_author_avatar":"","neve_post_elements_order":"","neve_meta_disable_header":"","neve_meta_disable_footer":"","neve_meta_disable_title":""},"product_brand":[],"product_cat":[1857],"product_tag":[1123],"class_list":{"0":"post-77924","1":"product","2":"type-product","3":"status-publish","4":"has-post-thumbnail","6":"product_cat-compassos","7":"product_tag-micrometrico","9":"first","10":"instock","11":"taxable","12":"shipping-taxable","13":"purchasable","14":"product-type-simple"},"_links":{"self":[{"href":"https:\/\/ifoffice.pt\/index.php?rest_route=\/wp\/v2\/product\/77924","targetHints":{"allow":["GET"]}}],"collection":[{"href":"https:\/\/ifoffice.pt\/index.php?rest_route=\/wp\/v2\/product"}],"about":[{"href":"https:\/\/ifoffice.pt\/index.php?rest_route=\/wp\/v2\/types\/product"}],"replies":[{"embeddable":true,"href":"https:\/\/ifoffice.pt\/index.php?rest_route=%2Fwp%2Fv2%2Fcomments&post=77924"}],"wp:featuredmedia":[{"embeddable":true,"href":"https:\/\/ifoffice.pt\/index.php?rest_route=\/wp\/v2\/media\/117322"}],"wp:attachment":[{"href":"https:\/\/ifoffice.pt\/index.php?rest_route=%2Fwp%2Fv2%2Fmedia&parent=77924"}],"wp:term":[{"taxonomy":"product_brand","embeddable":true,"href":"https:\/\/ifoffice.pt\/index.php?rest_route=%2Fwp%2Fv2%2Fproduct_brand&post=77924"},{"taxonomy":"product_cat","embeddable":true,"href":"https:\/\/ifoffice.pt\/index.php?rest_route=%2Fwp%2Fv2%2Fproduct_cat&post=77924"},{"taxonomy":"product_tag","embeddable":true,"href":"https:\/\/ifoffice.pt\/index.php?rest_route=%2Fwp%2Fv2%2Fproduct_tag&post=77924"}],"curies":[{"name":"wp","href":"https:\/\/api.w.org\/{rel}","templated":true}]}}