{"id":77856,"date":"2021-01-22T17:52:58","date_gmt":"2021-01-22T17:52:58","guid":{"rendered":"https:\/\/ifoffice.pt\/produto\/import-placeholder-for-154027\/"},"modified":"2026-02-23T13:07:41","modified_gmt":"2026-02-23T13:07:41","slug":"agrafador-petrus-210-azul-capacidade-25-folhas","status":"publish","type":"product","link":"https:\/\/ifoffice.pt\/?product=agrafador-petrus-210-azul-capacidade-25-folhas","title":{"rendered":"Agrafador petrus 210 azul capacidade 25 folhas"},"content":{"rendered":"<p>Agrafador pequeno de escrit\u00f3rio. Estrutura de metal com tampa de pl\u00e1stico. Agrafa at\u00e9 25 folhas de 80 g\/m\u00b2. Agrafado preciso e sem esfor\u00e7o com tecnologia de impacto direto. Usa agrafes 22\/6, 24\/6 e 26\/6. Saca agrafes integrado. Agrafado aberto e fechado. Carga superior.  Medidas: 34 x 55 x 122\u00a0mm. O agrafador.<\/p>\n","protected":false},"excerpt":{"rendered":"<p>Agrafador petrus 210 azul capacidade 25 folhas<\/p>\n","protected":false},"featured_media":132222,"comment_status":"closed","ping_status":"closed","template":"","meta":{"neve_meta_sidebar":"","neve_meta_container":"","neve_meta_enable_content_width":"","neve_meta_content_width":0,"neve_meta_title_alignment":"","neve_meta_author_avatar":"","neve_post_elements_order":"","neve_meta_disable_header":"","neve_meta_disable_footer":"","neve_meta_disable_title":""},"product_brand":[],"product_cat":[1811],"product_tag":[2846],"class_list":{"0":"post-77856","1":"product","2":"type-product","3":"status-publish","4":"has-post-thumbnail","6":"product_cat-agrafadores-de-secretaria","7":"product_tag-agrafadores-de-secretaria-2","9":"first","10":"instock","11":"taxable","12":"shipping-taxable","13":"purchasable","14":"product-type-simple"},"_links":{"self":[{"href":"https:\/\/ifoffice.pt\/index.php?rest_route=\/wp\/v2\/product\/77856","targetHints":{"allow":["GET"]}}],"collection":[{"href":"https:\/\/ifoffice.pt\/index.php?rest_route=\/wp\/v2\/product"}],"about":[{"href":"https:\/\/ifoffice.pt\/index.php?rest_route=\/wp\/v2\/types\/product"}],"replies":[{"embeddable":true,"href":"https:\/\/ifoffice.pt\/index.php?rest_route=%2Fwp%2Fv2%2Fcomments&post=77856"}],"wp:featuredmedia":[{"embeddable":true,"href":"https:\/\/ifoffice.pt\/index.php?rest_route=\/wp\/v2\/media\/132222"}],"wp:attachment":[{"href":"https:\/\/ifoffice.pt\/index.php?rest_route=%2Fwp%2Fv2%2Fmedia&parent=77856"}],"wp:term":[{"taxonomy":"product_brand","embeddable":true,"href":"https:\/\/ifoffice.pt\/index.php?rest_route=%2Fwp%2Fv2%2Fproduct_brand&post=77856"},{"taxonomy":"product_cat","embeddable":true,"href":"https:\/\/ifoffice.pt\/index.php?rest_route=%2Fwp%2Fv2%2Fproduct_cat&post=77856"},{"taxonomy":"product_tag","embeddable":true,"href":"https:\/\/ifoffice.pt\/index.php?rest_route=%2Fwp%2Fv2%2Fproduct_tag&post=77856"}],"curies":[{"name":"wp","href":"https:\/\/api.w.org\/{rel}","templated":true}]}}