{"id":77745,"date":"2021-01-22T17:52:12","date_gmt":"2021-01-22T17:52:12","guid":{"rendered":"https:\/\/ifoffice.pt\/produto\/import-placeholder-for-154100\/"},"modified":"2026-02-23T13:07:34","modified_gmt":"2026-02-23T13:07:34","slug":"almofada-de-assento-kensington-premium-gel-frio-preto-71x459x363-cm","status":"publish","type":"product","link":"https:\/\/ifoffice.pt\/?product=almofada-de-assento-kensington-premium-gel-frio-preto-71x459x363-cm","title":{"rendered":"Almofada de assento kensington premium gel frio preto 7,1&#215;45,9&#215;36,3 cm"},"content":{"rendered":"<p>Almofada de arrefecimento com n\u00facleo de gel frio. Fornece uma diminui\u00e7\u00e3o na temperatura do corpo para o m\u00e1ximo conforto. Design ergon\u00f3mico que promove uma postura saud\u00e1vel, melhora a circula\u00e7\u00e3o e alivia a press\u00e3o na coluna. Medidas: 363 x 460 x 71 mm. Peso: 1363 g.<\/p>\n","protected":false},"excerpt":{"rendered":"<p>Almofada de assento kensington premium gel frio preto 7,1&#215;45,9&#215;36,3 cm<\/p>\n","protected":false},"featured_media":117254,"comment_status":"closed","ping_status":"closed","template":"","meta":{"neve_meta_sidebar":"","neve_meta_container":"","neve_meta_enable_content_width":"off","neve_meta_content_width":0,"neve_meta_title_alignment":"","neve_meta_author_avatar":"","neve_post_elements_order":"","neve_meta_disable_header":"","neve_meta_disable_footer":"","neve_meta_disable_title":""},"product_brand":[],"product_cat":[1808],"product_tag":[1152],"class_list":{"0":"post-77745","1":"product","2":"type-product","3":"status-publish","4":"has-post-thumbnail","6":"product_cat-ergonomia","7":"product_tag-cojin","9":"first","10":"instock","11":"taxable","12":"shipping-taxable","13":"purchasable","14":"product-type-simple"},"_links":{"self":[{"href":"https:\/\/ifoffice.pt\/index.php?rest_route=\/wp\/v2\/product\/77745","targetHints":{"allow":["GET"]}}],"collection":[{"href":"https:\/\/ifoffice.pt\/index.php?rest_route=\/wp\/v2\/product"}],"about":[{"href":"https:\/\/ifoffice.pt\/index.php?rest_route=\/wp\/v2\/types\/product"}],"replies":[{"embeddable":true,"href":"https:\/\/ifoffice.pt\/index.php?rest_route=%2Fwp%2Fv2%2Fcomments&post=77745"}],"wp:featuredmedia":[{"embeddable":true,"href":"https:\/\/ifoffice.pt\/index.php?rest_route=\/wp\/v2\/media\/117254"}],"wp:attachment":[{"href":"https:\/\/ifoffice.pt\/index.php?rest_route=%2Fwp%2Fv2%2Fmedia&parent=77745"}],"wp:term":[{"taxonomy":"product_brand","embeddable":true,"href":"https:\/\/ifoffice.pt\/index.php?rest_route=%2Fwp%2Fv2%2Fproduct_brand&post=77745"},{"taxonomy":"product_cat","embeddable":true,"href":"https:\/\/ifoffice.pt\/index.php?rest_route=%2Fwp%2Fv2%2Fproduct_cat&post=77745"},{"taxonomy":"product_tag","embeddable":true,"href":"https:\/\/ifoffice.pt\/index.php?rest_route=%2Fwp%2Fv2%2Fproduct_tag&post=77745"}],"curies":[{"name":"wp","href":"https:\/\/api.w.org\/{rel}","templated":true}]}}