{"id":77669,"date":"2021-01-22T17:51:49","date_gmt":"2021-01-22T17:51:49","guid":{"rendered":"https:\/\/ifoffice.pt\/produto\/import-placeholder-for-154313\/"},"modified":"2025-03-12T11:27:39","modified_gmt":"2025-03-12T11:27:39","slug":"mola-metalica-rapesco-reversivel-19-mm-emojis-azul","status":"publish","type":"product","link":"https:\/\/ifoffice.pt\/?product=mola-metalica-rapesco-reversivel-19-mm-emojis-azul","title":{"rendered":"Mola metalica rapesco reversivel 19 mm emojis azul"},"content":{"rendered":"<p>Mola met\u00e1lica revers\u00edvel para prender pap\u00e9is com seguran\u00e7a, at\u00e9 75 folhas de 80 g\/m\u00b2. N\u00e3o deixam marcas no papel. Motivos divertidos. Caixa de 20 unidades.<\/p>\n","protected":false},"excerpt":{"rendered":"<p>Mola metalica rapesco reversivel 19 mm emojis azul<\/p>\n","protected":false},"featured_media":117228,"comment_status":"closed","ping_status":"closed","template":"","meta":{"neve_meta_sidebar":"","neve_meta_container":"","neve_meta_enable_content_width":"off","neve_meta_content_width":0,"neve_meta_title_alignment":"","neve_meta_author_avatar":"","neve_post_elements_order":"","neve_meta_disable_header":"","neve_meta_disable_footer":"","neve_meta_disable_title":""},"product_brand":[],"product_cat":[1907],"product_tag":[2678],"class_list":{"0":"post-77669","1":"product","2":"type-product","3":"status-publish","4":"has-post-thumbnail","6":"product_cat-clips-e-pioneses","7":"product_tag-clips-e-pioneses","9":"first","10":"outofstock","11":"taxable","12":"shipping-taxable","13":"purchasable","14":"product-type-simple"},"_links":{"self":[{"href":"https:\/\/ifoffice.pt\/index.php?rest_route=\/wp\/v2\/product\/77669","targetHints":{"allow":["GET"]}}],"collection":[{"href":"https:\/\/ifoffice.pt\/index.php?rest_route=\/wp\/v2\/product"}],"about":[{"href":"https:\/\/ifoffice.pt\/index.php?rest_route=\/wp\/v2\/types\/product"}],"replies":[{"embeddable":true,"href":"https:\/\/ifoffice.pt\/index.php?rest_route=%2Fwp%2Fv2%2Fcomments&post=77669"}],"wp:featuredmedia":[{"embeddable":true,"href":"https:\/\/ifoffice.pt\/index.php?rest_route=\/wp\/v2\/media\/117228"}],"wp:attachment":[{"href":"https:\/\/ifoffice.pt\/index.php?rest_route=%2Fwp%2Fv2%2Fmedia&parent=77669"}],"wp:term":[{"taxonomy":"product_brand","embeddable":true,"href":"https:\/\/ifoffice.pt\/index.php?rest_route=%2Fwp%2Fv2%2Fproduct_brand&post=77669"},{"taxonomy":"product_cat","embeddable":true,"href":"https:\/\/ifoffice.pt\/index.php?rest_route=%2Fwp%2Fv2%2Fproduct_cat&post=77669"},{"taxonomy":"product_tag","embeddable":true,"href":"https:\/\/ifoffice.pt\/index.php?rest_route=%2Fwp%2Fv2%2Fproduct_tag&post=77669"}],"curies":[{"name":"wp","href":"https:\/\/api.w.org\/{rel}","templated":true}]}}