{"id":77566,"date":"2021-01-22T17:51:06","date_gmt":"2021-01-22T17:51:06","guid":{"rendered":"https:\/\/ifoffice.pt\/produto\/import-placeholder-for-154360\/"},"modified":"2026-02-23T13:07:31","modified_gmt":"2026-02-23T13:07:31","slug":"oculos-deltaplus-de-protecao-g-o-spec-tec-policarbonato","status":"publish","type":"product","link":"https:\/\/ifoffice.pt\/?product=oculos-deltaplus-de-protecao-g-o-spec-tec-policarbonato","title":{"rendered":"Oculos deltaplus de protecao g o-spec tec policarbonato"},"content":{"rendered":"<p>\u00d3culos de policarbonato, monobloco. Montagem em junta TPE para proteger os olhos de proje\u00e7\u00f5es s\u00f3lidas ou l\u00edquidas. Fita el\u00e1stica em neopreno com ajuste para um melhor conforto. Prote\u00e7\u00f5es laterais.<\/p>\n","protected":false},"excerpt":{"rendered":"<p>Oculos deltaplus de protecao g o-spec tec policarbonato<\/p>\n","protected":false},"featured_media":117196,"comment_status":"closed","ping_status":"closed","template":"","meta":{"neve_meta_sidebar":"","neve_meta_container":"","neve_meta_enable_content_width":"off","neve_meta_content_width":0,"neve_meta_title_alignment":"","neve_meta_author_avatar":"","neve_post_elements_order":"","neve_meta_disable_header":"","neve_meta_disable_footer":"","neve_meta_disable_title":""},"product_brand":[],"product_cat":[1791],"product_tag":[1012,1091],"class_list":{"0":"post-77566","1":"product","2":"type-product","3":"status-publish","4":"has-post-thumbnail","6":"product_cat-prevencao","7":"product_tag-covid","8":"product_tag-oculos","10":"first","11":"instock","12":"taxable","13":"shipping-taxable","14":"purchasable","15":"product-type-simple"},"_links":{"self":[{"href":"https:\/\/ifoffice.pt\/index.php?rest_route=\/wp\/v2\/product\/77566","targetHints":{"allow":["GET"]}}],"collection":[{"href":"https:\/\/ifoffice.pt\/index.php?rest_route=\/wp\/v2\/product"}],"about":[{"href":"https:\/\/ifoffice.pt\/index.php?rest_route=\/wp\/v2\/types\/product"}],"replies":[{"embeddable":true,"href":"https:\/\/ifoffice.pt\/index.php?rest_route=%2Fwp%2Fv2%2Fcomments&post=77566"}],"wp:featuredmedia":[{"embeddable":true,"href":"https:\/\/ifoffice.pt\/index.php?rest_route=\/wp\/v2\/media\/117196"}],"wp:attachment":[{"href":"https:\/\/ifoffice.pt\/index.php?rest_route=%2Fwp%2Fv2%2Fmedia&parent=77566"}],"wp:term":[{"taxonomy":"product_brand","embeddable":true,"href":"https:\/\/ifoffice.pt\/index.php?rest_route=%2Fwp%2Fv2%2Fproduct_brand&post=77566"},{"taxonomy":"product_cat","embeddable":true,"href":"https:\/\/ifoffice.pt\/index.php?rest_route=%2Fwp%2Fv2%2Fproduct_cat&post=77566"},{"taxonomy":"product_tag","embeddable":true,"href":"https:\/\/ifoffice.pt\/index.php?rest_route=%2Fwp%2Fv2%2Fproduct_tag&post=77566"}],"curies":[{"name":"wp","href":"https:\/\/api.w.org\/{rel}","templated":true}]}}