{"id":77559,"date":"2021-01-22T17:51:05","date_gmt":"2021-01-22T17:51:05","guid":{"rendered":"https:\/\/ifoffice.pt\/produto\/import-placeholder-for-154367\/"},"modified":"2026-04-09T16:08:01","modified_gmt":"2026-04-09T16:08:01","slug":"conjunto-de-chuva-deltaplus-400-poliester-pvc-verde-formato-m","status":"publish","type":"product","link":"https:\/\/ifoffice.pt\/?product=conjunto-de-chuva-deltaplus-400-poliester-pvc-verde-formato-m","title":{"rendered":"Conjunto de chuva deltaplus 400 poliester\/pvc verde"},"content":{"rendered":"<p>Conjunto de chuva fabricado em poli\u00e9ster impregnado a PVC. Formado por casaco e cal\u00e7a. Com costuras seladas a quente. O casaco possui capuz fixo, fecho de correr, mangas, punhos ajust\u00e1veis com colchetes e 2 bolsos. As cal\u00e7as t\u00eam cintura el\u00e1stica, perna baixa com colchetes e 2 bolsos.<\/p>\n","protected":false},"excerpt":{"rendered":"<p>Ref. 400<\/p>\n","protected":false},"featured_media":143052,"comment_status":"closed","ping_status":"closed","template":"","meta":{"neve_meta_sidebar":"","neve_meta_container":"","neve_meta_enable_content_width":"off","neve_meta_content_width":100,"neve_meta_title_alignment":"","neve_meta_author_avatar":"","neve_post_elements_order":"","neve_meta_disable_header":"","neve_meta_disable_footer":"","neve_meta_disable_title":""},"product_brand":[],"product_cat":[1791],"product_tag":[1448,2949],"class_list":{"0":"post-77559","1":"product","2":"type-product","3":"status-publish","4":"has-post-thumbnail","6":"product_cat-prevencao","7":"product_tag-protector-lluvia","8":"product_tag-seguranca-epis","10":"first","11":"instock","12":"taxable","13":"shipping-taxable","14":"purchasable","15":"product-type-variable","16":"has-default-attributes"},"_links":{"self":[{"href":"https:\/\/ifoffice.pt\/index.php?rest_route=\/wp\/v2\/product\/77559","targetHints":{"allow":["GET"]}}],"collection":[{"href":"https:\/\/ifoffice.pt\/index.php?rest_route=\/wp\/v2\/product"}],"about":[{"href":"https:\/\/ifoffice.pt\/index.php?rest_route=\/wp\/v2\/types\/product"}],"replies":[{"embeddable":true,"href":"https:\/\/ifoffice.pt\/index.php?rest_route=%2Fwp%2Fv2%2Fcomments&post=77559"}],"wp:featuredmedia":[{"embeddable":true,"href":"https:\/\/ifoffice.pt\/index.php?rest_route=\/wp\/v2\/media\/143052"}],"wp:attachment":[{"href":"https:\/\/ifoffice.pt\/index.php?rest_route=%2Fwp%2Fv2%2Fmedia&parent=77559"}],"wp:term":[{"taxonomy":"product_brand","embeddable":true,"href":"https:\/\/ifoffice.pt\/index.php?rest_route=%2Fwp%2Fv2%2Fproduct_brand&post=77559"},{"taxonomy":"product_cat","embeddable":true,"href":"https:\/\/ifoffice.pt\/index.php?rest_route=%2Fwp%2Fv2%2Fproduct_cat&post=77559"},{"taxonomy":"product_tag","embeddable":true,"href":"https:\/\/ifoffice.pt\/index.php?rest_route=%2Fwp%2Fv2%2Fproduct_tag&post=77559"}],"curies":[{"name":"wp","href":"https:\/\/api.w.org\/{rel}","templated":true}]}}