{"id":77500,"date":"2021-01-22T17:50:42","date_gmt":"2021-01-22T17:50:42","guid":{"rendered":"https:\/\/ifoffice.pt\/produto\/import-placeholder-for-154498\/"},"modified":"2026-02-23T14:49:54","modified_gmt":"2026-02-23T14:49:54","slug":"roller-pentel-k108-amarelo-pastel-08-mm","status":"publish","type":"product","link":"https:\/\/ifoffice.pt\/?product=roller-pentel-k108-amarelo-pastel-08-mm","title":{"rendered":"Roller pentel k108 amarelo pastel 0,8 mm"},"content":{"rendered":"<p>Roller gel 108 com corpo fino em pl\u00e1stico para proporcionar melhor coloca\u00e7\u00e3o na m\u00e3o. Tinta pigmentada revolucion\u00e1ria. Corpo na cor da tinta. Ponta de 1\u00a0mm. Tra\u00e7o de 0,8\u00a0mm. Dispon\u00edvel em 7 cores.<\/p>\n","protected":false},"excerpt":{"rendered":"<p>PACK DE 12 UNIDADES<\/p>\n","protected":false},"featured_media":117161,"comment_status":"closed","ping_status":"closed","template":"","meta":{"neve_meta_sidebar":"","neve_meta_container":"","neve_meta_enable_content_width":"off","neve_meta_content_width":0,"neve_meta_title_alignment":"","neve_meta_author_avatar":"","neve_post_elements_order":"","neve_meta_disable_header":"","neve_meta_disable_footer":"","neve_meta_disable_title":""},"product_brand":[],"product_cat":[1767],"product_tag":[924],"class_list":{"0":"post-77500","1":"product","2":"type-product","3":"status-publish","4":"has-post-thumbnail","6":"product_cat-marcadores-roller","7":"product_tag-com-tampa","9":"first","10":"instock","11":"taxable","12":"shipping-taxable","13":"purchasable","14":"product-type-simple"},"_links":{"self":[{"href":"https:\/\/ifoffice.pt\/index.php?rest_route=\/wp\/v2\/product\/77500","targetHints":{"allow":["GET"]}}],"collection":[{"href":"https:\/\/ifoffice.pt\/index.php?rest_route=\/wp\/v2\/product"}],"about":[{"href":"https:\/\/ifoffice.pt\/index.php?rest_route=\/wp\/v2\/types\/product"}],"replies":[{"embeddable":true,"href":"https:\/\/ifoffice.pt\/index.php?rest_route=%2Fwp%2Fv2%2Fcomments&post=77500"}],"wp:featuredmedia":[{"embeddable":true,"href":"https:\/\/ifoffice.pt\/index.php?rest_route=\/wp\/v2\/media\/117161"}],"wp:attachment":[{"href":"https:\/\/ifoffice.pt\/index.php?rest_route=%2Fwp%2Fv2%2Fmedia&parent=77500"}],"wp:term":[{"taxonomy":"product_brand","embeddable":true,"href":"https:\/\/ifoffice.pt\/index.php?rest_route=%2Fwp%2Fv2%2Fproduct_brand&post=77500"},{"taxonomy":"product_cat","embeddable":true,"href":"https:\/\/ifoffice.pt\/index.php?rest_route=%2Fwp%2Fv2%2Fproduct_cat&post=77500"},{"taxonomy":"product_tag","embeddable":true,"href":"https:\/\/ifoffice.pt\/index.php?rest_route=%2Fwp%2Fv2%2Fproduct_tag&post=77500"}],"curies":[{"name":"wp","href":"https:\/\/api.w.org\/{rel}","templated":true}]}}