{"id":77487,"date":"2021-01-22T17:50:41","date_gmt":"2021-01-22T17:50:41","guid":{"rendered":"https:\/\/ifoffice.pt\/produto\/import-placeholder-for-154523\/"},"modified":"2026-02-23T13:07:22","modified_gmt":"2026-02-23T13:07:22","slug":"elasticos-q-connect-100-gr-150x3-mm-numero-15","status":"publish","type":"product","link":"https:\/\/ifoffice.pt\/?product=elasticos-q-connect-100-gr-150x3-mm-numero-15","title":{"rendered":"Elasticos q-connect 100 gr 150&#215;3 mm numero 38"},"content":{"rendered":"<p>80% de borracha de alta qualidade e grande resist\u00eancia.  Apresentam-se em caixa o que facilita a sua conserva\u00e7\u00e3o e armazenamento.  A caixa de\u00a0el\u00e1sticos.<\/p>\n","protected":false},"excerpt":{"rendered":"<p>Elasticos q-connect 100 gr 150&#215;3 mm numero 38<\/p>\n","protected":false},"featured_media":117148,"comment_status":"closed","ping_status":"closed","template":"","meta":{"neve_meta_sidebar":"","neve_meta_container":"","neve_meta_enable_content_width":"off","neve_meta_content_width":0,"neve_meta_title_alignment":"","neve_meta_author_avatar":"","neve_post_elements_order":"","neve_meta_disable_header":"","neve_meta_disable_footer":"","neve_meta_disable_title":""},"product_brand":[],"product_cat":[2869],"product_tag":[1443],"class_list":{"0":"post-77487","1":"product","2":"type-product","3":"status-publish","4":"has-post-thumbnail","6":"product_cat-elasticos-e-bandas-elasticas","7":"product_tag-bandas","9":"first","10":"instock","11":"taxable","12":"shipping-taxable","13":"purchasable","14":"product-type-simple"},"_links":{"self":[{"href":"https:\/\/ifoffice.pt\/index.php?rest_route=\/wp\/v2\/product\/77487","targetHints":{"allow":["GET"]}}],"collection":[{"href":"https:\/\/ifoffice.pt\/index.php?rest_route=\/wp\/v2\/product"}],"about":[{"href":"https:\/\/ifoffice.pt\/index.php?rest_route=\/wp\/v2\/types\/product"}],"replies":[{"embeddable":true,"href":"https:\/\/ifoffice.pt\/index.php?rest_route=%2Fwp%2Fv2%2Fcomments&post=77487"}],"wp:featuredmedia":[{"embeddable":true,"href":"https:\/\/ifoffice.pt\/index.php?rest_route=\/wp\/v2\/media\/117148"}],"wp:attachment":[{"href":"https:\/\/ifoffice.pt\/index.php?rest_route=%2Fwp%2Fv2%2Fmedia&parent=77487"}],"wp:term":[{"taxonomy":"product_brand","embeddable":true,"href":"https:\/\/ifoffice.pt\/index.php?rest_route=%2Fwp%2Fv2%2Fproduct_brand&post=77487"},{"taxonomy":"product_cat","embeddable":true,"href":"https:\/\/ifoffice.pt\/index.php?rest_route=%2Fwp%2Fv2%2Fproduct_cat&post=77487"},{"taxonomy":"product_tag","embeddable":true,"href":"https:\/\/ifoffice.pt\/index.php?rest_route=%2Fwp%2Fv2%2Fproduct_tag&post=77487"}],"curies":[{"name":"wp","href":"https:\/\/api.w.org\/{rel}","templated":true}]}}