{"id":77486,"date":"2021-01-22T17:50:40","date_gmt":"2021-01-22T17:50:40","guid":{"rendered":"https:\/\/ifoffice.pt\/produto\/import-placeholder-for-154524\/"},"modified":"2026-02-23T13:07:21","modified_gmt":"2026-02-23T13:07:21","slug":"elasticos-q-connect-100-gr-70x5-mm-numero-7","status":"publish","type":"product","link":"https:\/\/ifoffice.pt\/?product=elasticos-q-connect-100-gr-70x5-mm-numero-7","title":{"rendered":"Bandas elasticas q-connect 100 gr 70 x 5 mm numero 7"},"content":{"rendered":"<p>80% de borracha de alta qualidade e grande resist\u00eancia. Apresentam-se em caixa o que facilita a sua conserva\u00e7\u00e3o e armazenamento.  A caixa de\u00a0el\u00e1sticos.<\/p>\n","protected":false},"excerpt":{"rendered":"<p>Bandas elasticas q-connect 100 gr 70 x 5 mm numero 7<\/p>\n","protected":false},"featured_media":117147,"comment_status":"closed","ping_status":"closed","template":"","meta":{"neve_meta_sidebar":"","neve_meta_container":"","neve_meta_enable_content_width":"off","neve_meta_content_width":0,"neve_meta_title_alignment":"","neve_meta_author_avatar":"","neve_post_elements_order":"","neve_meta_disable_header":"","neve_meta_disable_footer":"","neve_meta_disable_title":""},"product_brand":[],"product_cat":[2869],"product_tag":[1443],"class_list":{"0":"post-77486","1":"product","2":"type-product","3":"status-publish","4":"has-post-thumbnail","6":"product_cat-elasticos-e-bandas-elasticas","7":"product_tag-bandas","9":"first","10":"instock","11":"taxable","12":"shipping-taxable","13":"purchasable","14":"product-type-simple"},"_links":{"self":[{"href":"https:\/\/ifoffice.pt\/index.php?rest_route=\/wp\/v2\/product\/77486","targetHints":{"allow":["GET"]}}],"collection":[{"href":"https:\/\/ifoffice.pt\/index.php?rest_route=\/wp\/v2\/product"}],"about":[{"href":"https:\/\/ifoffice.pt\/index.php?rest_route=\/wp\/v2\/types\/product"}],"replies":[{"embeddable":true,"href":"https:\/\/ifoffice.pt\/index.php?rest_route=%2Fwp%2Fv2%2Fcomments&post=77486"}],"wp:featuredmedia":[{"embeddable":true,"href":"https:\/\/ifoffice.pt\/index.php?rest_route=\/wp\/v2\/media\/117147"}],"wp:attachment":[{"href":"https:\/\/ifoffice.pt\/index.php?rest_route=%2Fwp%2Fv2%2Fmedia&parent=77486"}],"wp:term":[{"taxonomy":"product_brand","embeddable":true,"href":"https:\/\/ifoffice.pt\/index.php?rest_route=%2Fwp%2Fv2%2Fproduct_brand&post=77486"},{"taxonomy":"product_cat","embeddable":true,"href":"https:\/\/ifoffice.pt\/index.php?rest_route=%2Fwp%2Fv2%2Fproduct_cat&post=77486"},{"taxonomy":"product_tag","embeddable":true,"href":"https:\/\/ifoffice.pt\/index.php?rest_route=%2Fwp%2Fv2%2Fproduct_tag&post=77486"}],"curies":[{"name":"wp","href":"https:\/\/api.w.org\/{rel}","templated":true}]}}