{"id":77343,"date":"2021-01-22T17:35:19","date_gmt":"2021-01-22T17:35:19","guid":{"rendered":"https:\/\/ifoffice.pt\/produto\/import-placeholder-for-154682\/"},"modified":"2026-02-23T14:49:49","modified_gmt":"2026-02-23T14:49:49","slug":"caneta-pincel-pentel-artist-cor-violeta","status":"publish","type":"product","link":"https:\/\/ifoffice.pt\/?product=caneta-pincel-pentel-artist-cor-violeta","title":{"rendered":"Caneta pincel pentel artist cor violeta"},"content":{"rendered":"<p>Caneta de ponta de fibra com ponta de pincel extra fina. Para desenhos de filigrana, ilustra\u00e7\u00f5es, esbo\u00e7os. Para letras de pincel avan\u00e7adas, por ex.: para rabiscos ou destaques nas iniciais. Fabricada com 81% de pl\u00e1stico reciclado. Dispon\u00edvel em 12 cores. O\u00a0pincel.<\/p>\n","protected":false},"excerpt":{"rendered":"<p>PACK DE 12 UNIDADES<\/p>\n","protected":false},"featured_media":117102,"comment_status":"closed","ping_status":"closed","template":"","meta":{"neve_meta_sidebar":"","neve_meta_container":"","neve_meta_enable_content_width":"off","neve_meta_content_width":0,"neve_meta_title_alignment":"","neve_meta_author_avatar":"","neve_post_elements_order":"","neve_meta_disable_header":"","neve_meta_disable_footer":"","neve_meta_disable_title":""},"product_brand":[],"product_cat":[1751],"product_tag":[2880],"class_list":{"0":"post-77343","1":"product","2":"type-product","3":"status-publish","4":"has-post-thumbnail","6":"product_cat-marcadores-de-feltro","7":"product_tag-escolar2023","9":"first","10":"instock","11":"sale","12":"taxable","13":"shipping-taxable","14":"purchasable","15":"product-type-simple"},"_links":{"self":[{"href":"https:\/\/ifoffice.pt\/index.php?rest_route=\/wp\/v2\/product\/77343","targetHints":{"allow":["GET"]}}],"collection":[{"href":"https:\/\/ifoffice.pt\/index.php?rest_route=\/wp\/v2\/product"}],"about":[{"href":"https:\/\/ifoffice.pt\/index.php?rest_route=\/wp\/v2\/types\/product"}],"replies":[{"embeddable":true,"href":"https:\/\/ifoffice.pt\/index.php?rest_route=%2Fwp%2Fv2%2Fcomments&post=77343"}],"wp:featuredmedia":[{"embeddable":true,"href":"https:\/\/ifoffice.pt\/index.php?rest_route=\/wp\/v2\/media\/117102"}],"wp:attachment":[{"href":"https:\/\/ifoffice.pt\/index.php?rest_route=%2Fwp%2Fv2%2Fmedia&parent=77343"}],"wp:term":[{"taxonomy":"product_brand","embeddable":true,"href":"https:\/\/ifoffice.pt\/index.php?rest_route=%2Fwp%2Fv2%2Fproduct_brand&post=77343"},{"taxonomy":"product_cat","embeddable":true,"href":"https:\/\/ifoffice.pt\/index.php?rest_route=%2Fwp%2Fv2%2Fproduct_cat&post=77343"},{"taxonomy":"product_tag","embeddable":true,"href":"https:\/\/ifoffice.pt\/index.php?rest_route=%2Fwp%2Fv2%2Fproduct_tag&post=77343"}],"curies":[{"name":"wp","href":"https:\/\/api.w.org\/{rel}","templated":true}]}}