{"id":77099,"date":"2021-01-22T17:33:52","date_gmt":"2021-01-22T17:33:52","guid":{"rendered":"https:\/\/ifoffice.pt\/produto\/import-placeholder-for-154976\/"},"modified":"2026-02-23T13:06:53","modified_gmt":"2026-02-23T13:06:53","slug":"detetor-de-notas-falsas-safescan-50-detetor-ultrvioleta","status":"publish","type":"product","link":"https:\/\/ifoffice.pt\/?product=detetor-de-notas-falsas-safescan-50-detetor-ultrvioleta","title":{"rendered":"Detetor de notas falsas safescan 50 detetor ultrvioleta"},"content":{"rendered":"<p>Potente 9W l\u00e2mpada UV. Apta para qualquer moeda. Verifica as caracter\u00edsticas de seguran\u00e7a UV das notas. Comprova cart\u00f5es de cr\u00e9dito, passaportes e outros documentos de identifica\u00e7\u00e3o. Com refletor, para assegurar uma qualidade de luz UV potente. Medidas:\u00a0206 x 102 x 88\u00a0mm. Peso:\u00a0515\u00a0g.\u00a0<\/p>\n","protected":false},"excerpt":{"rendered":"<p>Detetor de notas falsas safescan 50 detetor ultrvioleta<\/p>\n","protected":false},"featured_media":116999,"comment_status":"closed","ping_status":"closed","template":"","meta":{"neve_meta_sidebar":"","neve_meta_container":"","neve_meta_enable_content_width":"off","neve_meta_content_width":70,"neve_meta_title_alignment":"","neve_meta_author_avatar":"","neve_post_elements_order":"","neve_meta_disable_header":"","neve_meta_disable_footer":"","neve_meta_disable_title":""},"product_brand":[],"product_cat":[1862],"product_tag":[1141],"class_list":{"0":"post-77099","1":"product","2":"type-product","3":"status-publish","4":"has-post-thumbnail","6":"product_cat-detector-de-notas-falsas","7":"product_tag-detector-de-billetes","9":"first","10":"instock","11":"taxable","12":"shipping-taxable","13":"purchasable","14":"product-type-simple"},"_links":{"self":[{"href":"https:\/\/ifoffice.pt\/index.php?rest_route=\/wp\/v2\/product\/77099","targetHints":{"allow":["GET"]}}],"collection":[{"href":"https:\/\/ifoffice.pt\/index.php?rest_route=\/wp\/v2\/product"}],"about":[{"href":"https:\/\/ifoffice.pt\/index.php?rest_route=\/wp\/v2\/types\/product"}],"replies":[{"embeddable":true,"href":"https:\/\/ifoffice.pt\/index.php?rest_route=%2Fwp%2Fv2%2Fcomments&post=77099"}],"wp:featuredmedia":[{"embeddable":true,"href":"https:\/\/ifoffice.pt\/index.php?rest_route=\/wp\/v2\/media\/116999"}],"wp:attachment":[{"href":"https:\/\/ifoffice.pt\/index.php?rest_route=%2Fwp%2Fv2%2Fmedia&parent=77099"}],"wp:term":[{"taxonomy":"product_brand","embeddable":true,"href":"https:\/\/ifoffice.pt\/index.php?rest_route=%2Fwp%2Fv2%2Fproduct_brand&post=77099"},{"taxonomy":"product_cat","embeddable":true,"href":"https:\/\/ifoffice.pt\/index.php?rest_route=%2Fwp%2Fv2%2Fproduct_cat&post=77099"},{"taxonomy":"product_tag","embeddable":true,"href":"https:\/\/ifoffice.pt\/index.php?rest_route=%2Fwp%2Fv2%2Fproduct_tag&post=77099"}],"curies":[{"name":"wp","href":"https:\/\/api.w.org\/{rel}","templated":true}]}}