{"id":77044,"date":"2021-01-22T17:33:28","date_gmt":"2021-01-22T17:33:28","guid":{"rendered":"https:\/\/ifoffice.pt\/produto\/import-placeholder-for-155033\/"},"modified":"2025-03-12T14:45:35","modified_gmt":"2025-03-12T14:45:35","slug":"auricular-plantronics-sem-fios-dect-cs540-cobertura-120-m","status":"publish","type":"product","link":"https:\/\/ifoffice.pt\/?product=auricular-plantronics-sem-fios-dect-cs540-cobertura-120-m","title":{"rendered":"Auricular plantronics sem fios dect cs540 cobertura 120 m"},"content":{"rendered":"<p>Auricular DECT para telefones fixos ultra leve. At\u00e9 120 m de alcance de cobertura. Confer\u00eancia com at\u00e9 3 auriculares adicionais conectados \u00e0 mesma base. Som de banda larga com tecnologia CAT-iq. Microfone antiru\u00eddo. 2 fixadores de s\u00e9rie: diadema e haste. Fixador contorno de nuca opcional. Autonomia em uso: at\u00e9 7 horas. Soundguard: prote\u00e7\u00e3o ac\u00fastica para sons superiores a 118 dBA.  Peso: 22 g.<\/p>\n","protected":false},"excerpt":{"rendered":"<p>Auricular plantronics sem fios dect cs540 cobertura 120 m<\/p>\n","protected":false},"featured_media":116977,"comment_status":"closed","ping_status":"closed","template":"","meta":{"neve_meta_sidebar":"","neve_meta_container":"","neve_meta_enable_content_width":"off","neve_meta_content_width":0,"neve_meta_title_alignment":"","neve_meta_author_avatar":"","neve_post_elements_order":"","neve_meta_disable_header":"","neve_meta_disable_footer":"","neve_meta_disable_title":""},"product_brand":[],"product_cat":[1805],"product_tag":[1417],"class_list":{"0":"post-77044","1":"product","2":"type-product","3":"status-publish","4":"has-post-thumbnail","6":"product_cat-colunas-microfones-webcam","7":"product_tag-plantronics","9":"first","10":"instock","11":"taxable","12":"shipping-taxable","13":"purchasable","14":"product-type-simple"},"_links":{"self":[{"href":"https:\/\/ifoffice.pt\/index.php?rest_route=\/wp\/v2\/product\/77044","targetHints":{"allow":["GET"]}}],"collection":[{"href":"https:\/\/ifoffice.pt\/index.php?rest_route=\/wp\/v2\/product"}],"about":[{"href":"https:\/\/ifoffice.pt\/index.php?rest_route=\/wp\/v2\/types\/product"}],"replies":[{"embeddable":true,"href":"https:\/\/ifoffice.pt\/index.php?rest_route=%2Fwp%2Fv2%2Fcomments&post=77044"}],"wp:featuredmedia":[{"embeddable":true,"href":"https:\/\/ifoffice.pt\/index.php?rest_route=\/wp\/v2\/media\/116977"}],"wp:attachment":[{"href":"https:\/\/ifoffice.pt\/index.php?rest_route=%2Fwp%2Fv2%2Fmedia&parent=77044"}],"wp:term":[{"taxonomy":"product_brand","embeddable":true,"href":"https:\/\/ifoffice.pt\/index.php?rest_route=%2Fwp%2Fv2%2Fproduct_brand&post=77044"},{"taxonomy":"product_cat","embeddable":true,"href":"https:\/\/ifoffice.pt\/index.php?rest_route=%2Fwp%2Fv2%2Fproduct_cat&post=77044"},{"taxonomy":"product_tag","embeddable":true,"href":"https:\/\/ifoffice.pt\/index.php?rest_route=%2Fwp%2Fv2%2Fproduct_tag&post=77044"}],"curies":[{"name":"wp","href":"https:\/\/api.w.org\/{rel}","templated":true}]}}