{"id":76986,"date":"2021-01-22T17:33:04","date_gmt":"2021-01-22T17:33:04","guid":{"rendered":"https:\/\/ifoffice.pt\/produto\/import-placeholder-for-155114\/"},"modified":"2026-02-23T13:06:45","modified_gmt":"2026-02-23T13:06:45","slug":"calculadora-q-connect-com-impressao-papel-kf11213-12-digitos-preta","status":"publish","type":"product","link":"https:\/\/ifoffice.pt\/?product=calculadora-q-connect-com-impressao-papel-kf11213-12-digitos-preta","title":{"rendered":"Calculadora q-connect com impressao papel kf11213 12 digitos preta"},"content":{"rendered":"<p>Calculadora com visor de 12 d\u00edgitos. Utiliza rolo de papel de 57\u00a0mm de largura por 25\u00a0mm de di\u00e2metro. Imprime a tinta preta. Com tecla de mem\u00f3ria, arredondamento, tecla duplo zero, tecla program\u00e1vel de impostos, margem de benef\u00edcio, pre\u00e7o de custo e pre\u00e7o de venda. Funciona com 4 pilhas AA ou com adaptador de 6V 0,5\u00aa. Pilhas e adaptador n\u00e3o inclu\u00eddos. Compat\u00edvel com rolo de tinta c\u00f3digo 44293. Medidas:\u00a0192 x 98 x 44\u00a0mm. Peso:\u00a0338\u00a0g.<\/p>\n","protected":false},"excerpt":{"rendered":"<p>Calculadora q-connect com impressao papel kf11213 12 digitos preta<\/p>\n","protected":false},"featured_media":130669,"comment_status":"closed","ping_status":"closed","template":"","meta":{"neve_meta_sidebar":"","neve_meta_container":"","neve_meta_enable_content_width":"off","neve_meta_content_width":70,"neve_meta_title_alignment":"","neve_meta_author_avatar":"","neve_post_elements_order":"","neve_meta_disable_header":"","neve_meta_disable_footer":"","neve_meta_disable_title":""},"product_brand":[],"product_cat":[1931],"product_tag":[1197],"class_list":{"0":"post-76986","1":"product","2":"type-product","3":"status-publish","4":"has-post-thumbnail","6":"product_cat-calculadoras-impressoras","7":"product_tag-q-connect","9":"first","10":"instock","11":"taxable","12":"shipping-taxable","13":"purchasable","14":"product-type-simple"},"_links":{"self":[{"href":"https:\/\/ifoffice.pt\/index.php?rest_route=\/wp\/v2\/product\/76986","targetHints":{"allow":["GET"]}}],"collection":[{"href":"https:\/\/ifoffice.pt\/index.php?rest_route=\/wp\/v2\/product"}],"about":[{"href":"https:\/\/ifoffice.pt\/index.php?rest_route=\/wp\/v2\/types\/product"}],"replies":[{"embeddable":true,"href":"https:\/\/ifoffice.pt\/index.php?rest_route=%2Fwp%2Fv2%2Fcomments&post=76986"}],"wp:featuredmedia":[{"embeddable":true,"href":"https:\/\/ifoffice.pt\/index.php?rest_route=\/wp\/v2\/media\/130669"}],"wp:attachment":[{"href":"https:\/\/ifoffice.pt\/index.php?rest_route=%2Fwp%2Fv2%2Fmedia&parent=76986"}],"wp:term":[{"taxonomy":"product_brand","embeddable":true,"href":"https:\/\/ifoffice.pt\/index.php?rest_route=%2Fwp%2Fv2%2Fproduct_brand&post=76986"},{"taxonomy":"product_cat","embeddable":true,"href":"https:\/\/ifoffice.pt\/index.php?rest_route=%2Fwp%2Fv2%2Fproduct_cat&post=76986"},{"taxonomy":"product_tag","embeddable":true,"href":"https:\/\/ifoffice.pt\/index.php?rest_route=%2Fwp%2Fv2%2Fproduct_tag&post=76986"}],"curies":[{"name":"wp","href":"https:\/\/api.w.org\/{rel}","templated":true}]}}