{"id":76975,"date":"2021-01-22T17:33:03","date_gmt":"2021-01-22T17:33:03","guid":{"rendered":"https:\/\/ifoffice.pt\/produto\/import-placeholder-for-155144\/"},"modified":"2026-02-23T13:06:43","modified_gmt":"2026-02-23T13:06:43","slug":"cola-q-connect-instantanea-forte-3gr","status":"publish","type":"product","link":"https:\/\/ifoffice.pt\/?product=cola-q-connect-instantanea-forte-3gr","title":{"rendered":"Cola q-connect instantanea forte 3gr"},"content":{"rendered":"<p>Cola instant\u00e2nea, extra forte. Cola em poucos segundos todo o tipo de materiais. Indicada para trabalhos de bricolage e repara\u00e7\u00e3o. F\u00e1cil aplica\u00e7\u00e3o. Tampa antiobstru\u00e7\u00e3o para manter o produto em boas condi\u00e7\u00f5es. Resistente a temperaturas altas. Conte\u00fado: 3 g. Blister de 3g.<\/p>\n","protected":false},"excerpt":{"rendered":"<p>Cola q-connect instantanea forte 3gr<\/p>\n","protected":false},"featured_media":116940,"comment_status":"closed","ping_status":"closed","template":"","meta":{"neve_meta_sidebar":"","neve_meta_container":"","neve_meta_enable_content_width":"","neve_meta_content_width":0,"neve_meta_title_alignment":"","neve_meta_author_avatar":"","neve_post_elements_order":"","neve_meta_disable_header":"","neve_meta_disable_footer":"","neve_meta_disable_title":""},"product_brand":[],"product_cat":[1758],"product_tag":[1281],"class_list":{"0":"post-76975","1":"product","2":"type-product","3":"status-publish","4":"has-post-thumbnail","6":"product_cat-cola-em-tubo","7":"product_tag-bricolaje","9":"first","10":"instock","11":"taxable","12":"shipping-taxable","13":"purchasable","14":"product-type-simple"},"_links":{"self":[{"href":"https:\/\/ifoffice.pt\/index.php?rest_route=\/wp\/v2\/product\/76975","targetHints":{"allow":["GET"]}}],"collection":[{"href":"https:\/\/ifoffice.pt\/index.php?rest_route=\/wp\/v2\/product"}],"about":[{"href":"https:\/\/ifoffice.pt\/index.php?rest_route=\/wp\/v2\/types\/product"}],"replies":[{"embeddable":true,"href":"https:\/\/ifoffice.pt\/index.php?rest_route=%2Fwp%2Fv2%2Fcomments&post=76975"}],"wp:featuredmedia":[{"embeddable":true,"href":"https:\/\/ifoffice.pt\/index.php?rest_route=\/wp\/v2\/media\/116940"}],"wp:attachment":[{"href":"https:\/\/ifoffice.pt\/index.php?rest_route=%2Fwp%2Fv2%2Fmedia&parent=76975"}],"wp:term":[{"taxonomy":"product_brand","embeddable":true,"href":"https:\/\/ifoffice.pt\/index.php?rest_route=%2Fwp%2Fv2%2Fproduct_brand&post=76975"},{"taxonomy":"product_cat","embeddable":true,"href":"https:\/\/ifoffice.pt\/index.php?rest_route=%2Fwp%2Fv2%2Fproduct_cat&post=76975"},{"taxonomy":"product_tag","embeddable":true,"href":"https:\/\/ifoffice.pt\/index.php?rest_route=%2Fwp%2Fv2%2Fproduct_tag&post=76975"}],"curies":[{"name":"wp","href":"https:\/\/api.w.org\/{rel}","templated":true}]}}