{"id":76905,"date":"2021-01-22T17:32:42","date_gmt":"2021-01-22T17:32:42","guid":{"rendered":"https:\/\/ifoffice.pt\/produto\/import-placeholder-for-155193\/"},"modified":"2026-02-23T13:06:37","modified_gmt":"2026-02-23T13:06:37","slug":"palhas-de-papel-nupik-vermelho-branco-pack-de-50-unidades","status":"publish","type":"product","link":"https:\/\/ifoffice.pt\/?product=palhas-de-papel-nupik-vermelho-branco-pack-de-50-unidades","title":{"rendered":"Palhas de papel nupik vermelho\/branco pack de 50 unidades"},"content":{"rendered":"<p>Palhinhas de papel. 100% recicl\u00e1veis. Suportam at\u00e9 40&#8242; C. Cor vermelho e branco. Medidas: 20 cm x 6 mm de di\u00e2metro. Pack de 50 unidades.<\/p>\n","protected":false},"excerpt":{"rendered":"<p>Palhas de papel nupik vermelho\/branco pack de 50 unidades<\/p>\n","protected":false},"featured_media":116907,"comment_status":"closed","ping_status":"closed","template":"","meta":{"neve_meta_sidebar":"","neve_meta_container":"","neve_meta_enable_content_width":"off","neve_meta_content_width":0,"neve_meta_title_alignment":"","neve_meta_author_avatar":"","neve_post_elements_order":"","neve_meta_disable_header":"","neve_meta_disable_footer":"","neve_meta_disable_title":""},"product_brand":[],"product_cat":[2868],"product_tag":[2647,1408],"class_list":{"0":"post-76905","1":"product","2":"type-product","3":"status-publish","4":"has-post-thumbnail","6":"product_cat-palitos-e-paus-de-madeira","7":"product_tag-descartaveis","8":"product_tag-sorvete","10":"first","11":"instock","12":"taxable","13":"shipping-taxable","14":"purchasable","15":"product-type-simple"},"_links":{"self":[{"href":"https:\/\/ifoffice.pt\/index.php?rest_route=\/wp\/v2\/product\/76905","targetHints":{"allow":["GET"]}}],"collection":[{"href":"https:\/\/ifoffice.pt\/index.php?rest_route=\/wp\/v2\/product"}],"about":[{"href":"https:\/\/ifoffice.pt\/index.php?rest_route=\/wp\/v2\/types\/product"}],"replies":[{"embeddable":true,"href":"https:\/\/ifoffice.pt\/index.php?rest_route=%2Fwp%2Fv2%2Fcomments&post=76905"}],"wp:featuredmedia":[{"embeddable":true,"href":"https:\/\/ifoffice.pt\/index.php?rest_route=\/wp\/v2\/media\/116907"}],"wp:attachment":[{"href":"https:\/\/ifoffice.pt\/index.php?rest_route=%2Fwp%2Fv2%2Fmedia&parent=76905"}],"wp:term":[{"taxonomy":"product_brand","embeddable":true,"href":"https:\/\/ifoffice.pt\/index.php?rest_route=%2Fwp%2Fv2%2Fproduct_brand&post=76905"},{"taxonomy":"product_cat","embeddable":true,"href":"https:\/\/ifoffice.pt\/index.php?rest_route=%2Fwp%2Fv2%2Fproduct_cat&post=76905"},{"taxonomy":"product_tag","embeddable":true,"href":"https:\/\/ifoffice.pt\/index.php?rest_route=%2Fwp%2Fv2%2Fproduct_tag&post=76905"}],"curies":[{"name":"wp","href":"https:\/\/api.w.org\/{rel}","templated":true}]}}