{"id":76667,"date":"2021-01-22T17:31:14","date_gmt":"2021-01-22T17:31:14","guid":{"rendered":"https:\/\/ifoffice.pt\/produto\/import-placeholder-for-155356\/"},"modified":"2026-02-23T13:06:24","modified_gmt":"2026-02-23T13:06:24","slug":"furador-rapesco-827-p-azul-2-furos-capacidade-30-folhas","status":"publish","type":"product","link":"https:\/\/ifoffice.pt\/?product=furador-rapesco-827-p-azul-2-furos-capacidade-30-folhas","title":{"rendered":"Furador rapesco 827-p azul 2 furos capacidade 30 folhas"},"content":{"rendered":"<p>Furador met\u00e1lico, para maior durabilidade. Reservat\u00f3rio para confetis e patilha para bloqueio com seguran\u00e7a. Capacidade para perfurar at\u00e9 30 folhas. Dispon\u00edvel em tr\u00eas cores. Medidas da base: 110 x 118mm. O furador.<\/p>\n","protected":false},"excerpt":{"rendered":"<p>Furador rapesco 827-p azul 2 furos capacidade 30 folhas<\/p>\n","protected":false},"featured_media":116828,"comment_status":"closed","ping_status":"closed","template":"","meta":{"neve_meta_sidebar":"","neve_meta_container":"","neve_meta_enable_content_width":"","neve_meta_content_width":0,"neve_meta_title_alignment":"","neve_meta_author_avatar":"","neve_post_elements_order":"","neve_meta_disable_header":"","neve_meta_disable_footer":"","neve_meta_disable_title":""},"product_brand":[],"product_cat":[1810],"product_tag":[2847],"class_list":{"0":"post-76667","1":"product","2":"type-product","3":"status-publish","4":"has-post-thumbnail","6":"product_cat-furadores-de-secretaria","7":"product_tag-furadores-de-secretaria-2","9":"first","10":"instock","11":"taxable","12":"shipping-taxable","13":"purchasable","14":"product-type-simple"},"_links":{"self":[{"href":"https:\/\/ifoffice.pt\/index.php?rest_route=\/wp\/v2\/product\/76667","targetHints":{"allow":["GET"]}}],"collection":[{"href":"https:\/\/ifoffice.pt\/index.php?rest_route=\/wp\/v2\/product"}],"about":[{"href":"https:\/\/ifoffice.pt\/index.php?rest_route=\/wp\/v2\/types\/product"}],"replies":[{"embeddable":true,"href":"https:\/\/ifoffice.pt\/index.php?rest_route=%2Fwp%2Fv2%2Fcomments&post=76667"}],"wp:featuredmedia":[{"embeddable":true,"href":"https:\/\/ifoffice.pt\/index.php?rest_route=\/wp\/v2\/media\/116828"}],"wp:attachment":[{"href":"https:\/\/ifoffice.pt\/index.php?rest_route=%2Fwp%2Fv2%2Fmedia&parent=76667"}],"wp:term":[{"taxonomy":"product_brand","embeddable":true,"href":"https:\/\/ifoffice.pt\/index.php?rest_route=%2Fwp%2Fv2%2Fproduct_brand&post=76667"},{"taxonomy":"product_cat","embeddable":true,"href":"https:\/\/ifoffice.pt\/index.php?rest_route=%2Fwp%2Fv2%2Fproduct_cat&post=76667"},{"taxonomy":"product_tag","embeddable":true,"href":"https:\/\/ifoffice.pt\/index.php?rest_route=%2Fwp%2Fv2%2Fproduct_tag&post=76667"}],"curies":[{"name":"wp","href":"https:\/\/api.w.org\/{rel}","templated":true}]}}