{"id":76225,"date":"2021-01-22T03:09:53","date_gmt":"2021-01-22T03:09:53","guid":{"rendered":"https:\/\/ifoffice.pt\/produto\/import-placeholder-for-155665\/"},"modified":"2026-02-23T13:06:00","modified_gmt":"2026-02-23T13:06:00","slug":"escova-rozenbal-dupla-fibra-para-limpeza-275x4x28-cm","status":"publish","type":"product","link":"https:\/\/ifoffice.pt\/?product=escova-rozenbal-dupla-fibra-para-limpeza-275x4x28-cm","title":{"rendered":"Escova rozenbal dupla fibra para limpeza 27,5x4x2,8 cm"},"content":{"rendered":"<p>Limpa todos os cantos, gra\u00e7as \u00e0s suas duas cabe\u00e7as. Um lado de fibra macia que percorre todos os sitios. Do outro lado de fibra dura que remove manchas de sujidade sem danificar. Medidas: 275 x 28 x 4 mm.<\/p>\n","protected":false},"excerpt":{"rendered":"<p>Escova rozenbal dupla fibra para limpeza 27,5x4x2,8 cm<\/p>\n","protected":false},"featured_media":116695,"comment_status":"closed","ping_status":"closed","template":"","meta":{"neve_meta_sidebar":"","neve_meta_container":"","neve_meta_enable_content_width":"","neve_meta_content_width":0,"neve_meta_title_alignment":"","neve_meta_author_avatar":"","neve_post_elements_order":"","neve_meta_disable_header":"","neve_meta_disable_footer":"","neve_meta_disable_title":""},"product_brand":[],"product_cat":[1792],"product_tag":[1344],"class_list":{"0":"post-76225","1":"product","2":"type-product","3":"status-publish","4":"has-post-thumbnail","6":"product_cat-produtos-de-limpeza","7":"product_tag-cepillo","9":"first","10":"outofstock","11":"taxable","12":"shipping-taxable","13":"purchasable","14":"product-type-simple"},"_links":{"self":[{"href":"https:\/\/ifoffice.pt\/index.php?rest_route=\/wp\/v2\/product\/76225","targetHints":{"allow":["GET"]}}],"collection":[{"href":"https:\/\/ifoffice.pt\/index.php?rest_route=\/wp\/v2\/product"}],"about":[{"href":"https:\/\/ifoffice.pt\/index.php?rest_route=\/wp\/v2\/types\/product"}],"replies":[{"embeddable":true,"href":"https:\/\/ifoffice.pt\/index.php?rest_route=%2Fwp%2Fv2%2Fcomments&post=76225"}],"wp:featuredmedia":[{"embeddable":true,"href":"https:\/\/ifoffice.pt\/index.php?rest_route=\/wp\/v2\/media\/116695"}],"wp:attachment":[{"href":"https:\/\/ifoffice.pt\/index.php?rest_route=%2Fwp%2Fv2%2Fmedia&parent=76225"}],"wp:term":[{"taxonomy":"product_brand","embeddable":true,"href":"https:\/\/ifoffice.pt\/index.php?rest_route=%2Fwp%2Fv2%2Fproduct_brand&post=76225"},{"taxonomy":"product_cat","embeddable":true,"href":"https:\/\/ifoffice.pt\/index.php?rest_route=%2Fwp%2Fv2%2Fproduct_cat&post=76225"},{"taxonomy":"product_tag","embeddable":true,"href":"https:\/\/ifoffice.pt\/index.php?rest_route=%2Fwp%2Fv2%2Fproduct_tag&post=76225"}],"curies":[{"name":"wp","href":"https:\/\/api.w.org\/{rel}","templated":true}]}}