{"id":76118,"date":"2021-01-22T03:09:06","date_gmt":"2021-01-22T03:09:06","guid":{"rendered":"https:\/\/ifoffice.pt\/produto\/import-placeholder-for-155770\/"},"modified":"2026-02-23T13:05:52","modified_gmt":"2026-02-23T13:05:52","slug":"porta-notas-q-connect-metalico-din-a4","status":"publish","type":"product","link":"https:\/\/ifoffice.pt\/?product=porta-notas-q-connect-metalico-din-a4","title":{"rendered":"Porta notas q-connect metalico din a4"},"content":{"rendered":"<p>Fabricado em metal r\u00edgido, com mola met\u00e1lica de 150 mm de grande resist\u00eancia. Superf\u00edcie lisa que facilita a escrita. Cor cinza met\u00e1lica. Formato Din A4.<\/p>\n","protected":false},"excerpt":{"rendered":"<p>Porta notas q-connect metalico din a4<\/p>\n","protected":false},"featured_media":130541,"comment_status":"closed","ping_status":"closed","template":"","meta":{"neve_meta_sidebar":"","neve_meta_container":"","neve_meta_enable_content_width":"off","neve_meta_content_width":0,"neve_meta_title_alignment":"","neve_meta_author_avatar":"","neve_post_elements_order":"","neve_meta_disable_header":"","neve_meta_disable_footer":"","neve_meta_disable_title":""},"product_brand":[],"product_cat":[1784],"product_tag":[1192],"class_list":{"0":"post-76118","1":"product","2":"type-product","3":"status-publish","4":"has-post-thumbnail","6":"product_cat-capas-classificadoras","7":"product_tag-metalico","9":"first","10":"instock","11":"sale","12":"taxable","13":"shipping-taxable","14":"purchasable","15":"product-type-simple"},"_links":{"self":[{"href":"https:\/\/ifoffice.pt\/index.php?rest_route=\/wp\/v2\/product\/76118","targetHints":{"allow":["GET"]}}],"collection":[{"href":"https:\/\/ifoffice.pt\/index.php?rest_route=\/wp\/v2\/product"}],"about":[{"href":"https:\/\/ifoffice.pt\/index.php?rest_route=\/wp\/v2\/types\/product"}],"replies":[{"embeddable":true,"href":"https:\/\/ifoffice.pt\/index.php?rest_route=%2Fwp%2Fv2%2Fcomments&post=76118"}],"wp:featuredmedia":[{"embeddable":true,"href":"https:\/\/ifoffice.pt\/index.php?rest_route=\/wp\/v2\/media\/130541"}],"wp:attachment":[{"href":"https:\/\/ifoffice.pt\/index.php?rest_route=%2Fwp%2Fv2%2Fmedia&parent=76118"}],"wp:term":[{"taxonomy":"product_brand","embeddable":true,"href":"https:\/\/ifoffice.pt\/index.php?rest_route=%2Fwp%2Fv2%2Fproduct_brand&post=76118"},{"taxonomy":"product_cat","embeddable":true,"href":"https:\/\/ifoffice.pt\/index.php?rest_route=%2Fwp%2Fv2%2Fproduct_cat&post=76118"},{"taxonomy":"product_tag","embeddable":true,"href":"https:\/\/ifoffice.pt\/index.php?rest_route=%2Fwp%2Fv2%2Fproduct_tag&post=76118"}],"curies":[{"name":"wp","href":"https:\/\/api.w.org\/{rel}","templated":true}]}}