{"id":76073,"date":"2021-01-22T03:08:43","date_gmt":"2021-01-22T03:08:43","guid":{"rendered":"https:\/\/ifoffice.pt\/produto\/import-placeholder-for-155791\/"},"modified":"2025-03-12T11:25:30","modified_gmt":"2025-03-12T11:25:30","slug":"botas-de-seguranca-paredes-s3-pretas-formato-37","status":"publish","type":"product","link":"https:\/\/ifoffice.pt\/?product=botas-de-seguranca-paredes-s3-pretas-formato-37","title":{"rendered":"Botas de seguranca paredes s3 pretas formato 37"},"content":{"rendered":"<p>Pele de flor gravada, hidrof\u00f3bica e respir\u00e1vel. Sola de poliuretano de dupla densidade. Biqueira de a\u00e7o resistente a choques. Forro de alta secagem que fornece alto poder de absor\u00e7\u00e3o e secagem r\u00e1pida. Sola de fixa\u00e7\u00e3o por inje\u00e7\u00e3o direta. Espuma de l\u00e1tex revestida com espuma acolchoada. Sola antiderrapante SRC, resistente \u00e0 abras\u00e3o e hidrocarbonetos. Propriedades antiest\u00e1ticas tanto h\u00famidas como em seco. Certificado S3 SRC segundo a normativa UNE EN ISO 20345.<\/p>\n","protected":false},"excerpt":{"rendered":"<p>Botas de seguranca paredes s3 pretas formato 37<\/p>\n","protected":false},"featured_media":116631,"comment_status":"closed","ping_status":"closed","template":"","meta":{"neve_meta_sidebar":"","neve_meta_container":"","neve_meta_enable_content_width":"","neve_meta_content_width":0,"neve_meta_title_alignment":"","neve_meta_author_avatar":"","neve_post_elements_order":"","neve_meta_disable_header":"","neve_meta_disable_footer":"","neve_meta_disable_title":""},"product_brand":[],"product_cat":[1791],"product_tag":[1317],"class_list":{"0":"post-76073","1":"product","2":"type-product","3":"status-publish","4":"has-post-thumbnail","6":"product_cat-prevencao","7":"product_tag-bota","9":"first","10":"outofstock","11":"taxable","12":"shipping-taxable","13":"purchasable","14":"product-type-simple"},"_links":{"self":[{"href":"https:\/\/ifoffice.pt\/index.php?rest_route=\/wp\/v2\/product\/76073","targetHints":{"allow":["GET"]}}],"collection":[{"href":"https:\/\/ifoffice.pt\/index.php?rest_route=\/wp\/v2\/product"}],"about":[{"href":"https:\/\/ifoffice.pt\/index.php?rest_route=\/wp\/v2\/types\/product"}],"replies":[{"embeddable":true,"href":"https:\/\/ifoffice.pt\/index.php?rest_route=%2Fwp%2Fv2%2Fcomments&post=76073"}],"wp:featuredmedia":[{"embeddable":true,"href":"https:\/\/ifoffice.pt\/index.php?rest_route=\/wp\/v2\/media\/116631"}],"wp:attachment":[{"href":"https:\/\/ifoffice.pt\/index.php?rest_route=%2Fwp%2Fv2%2Fmedia&parent=76073"}],"wp:term":[{"taxonomy":"product_brand","embeddable":true,"href":"https:\/\/ifoffice.pt\/index.php?rest_route=%2Fwp%2Fv2%2Fproduct_brand&post=76073"},{"taxonomy":"product_cat","embeddable":true,"href":"https:\/\/ifoffice.pt\/index.php?rest_route=%2Fwp%2Fv2%2Fproduct_cat&post=76073"},{"taxonomy":"product_tag","embeddable":true,"href":"https:\/\/ifoffice.pt\/index.php?rest_route=%2Fwp%2Fv2%2Fproduct_tag&post=76073"}],"curies":[{"name":"wp","href":"https:\/\/api.w.org\/{rel}","templated":true}]}}