{"id":76011,"date":"2021-01-22T03:08:21","date_gmt":"2021-01-22T03:08:21","guid":{"rendered":"https:\/\/ifoffice.pt\/produto\/import-placeholder-for-155823\/"},"modified":"2025-03-12T11:25:20","modified_gmt":"2025-03-12T11:25:20","slug":"esferografica-bic-ecolutions-clic-stic-preta","status":"publish","type":"product","link":"https:\/\/ifoffice.pt\/?product=esferografica-bic-ecolutions-clic-stic-preta","title":{"rendered":"Esferografica bic ecolutions clic stic preta"},"content":{"rendered":"<p>Esferogr\u00e1fica retr\u00e1til reciclada de ponta m\u00e9dia. Fabricado com 62% de material reciclado. Produto certificado com etiqueta ecol\u00f3gica NF. Tinta \u00e0 base de \u00f3leo. Corpo fino transl\u00facido. Ponta de 1 mm. Tra\u00e7o de 0,4 mm.<\/p>\n","protected":false},"excerpt":{"rendered":"<p>PACK DE 50 UNIDADES<\/p>\n","protected":false},"featured_media":116606,"comment_status":"closed","ping_status":"closed","template":"","meta":{"neve_meta_sidebar":"","neve_meta_container":"","neve_meta_enable_content_width":"","neve_meta_content_width":0,"neve_meta_title_alignment":"","neve_meta_author_avatar":"","neve_post_elements_order":"","neve_meta_disable_header":"","neve_meta_disable_footer":"","neve_meta_disable_title":""},"product_brand":[],"product_cat":[1761],"product_tag":[1014,1015],"class_list":{"0":"post-76011","1":"product","2":"type-product","3":"status-publish","4":"has-post-thumbnail","6":"product_cat-esferograficas","7":"product_tag-4-mm","9":"first","10":"outofstock","11":"taxable","12":"shipping-taxable","13":"purchasable","14":"product-type-simple"},"_links":{"self":[{"href":"https:\/\/ifoffice.pt\/index.php?rest_route=\/wp\/v2\/product\/76011","targetHints":{"allow":["GET"]}}],"collection":[{"href":"https:\/\/ifoffice.pt\/index.php?rest_route=\/wp\/v2\/product"}],"about":[{"href":"https:\/\/ifoffice.pt\/index.php?rest_route=\/wp\/v2\/types\/product"}],"replies":[{"embeddable":true,"href":"https:\/\/ifoffice.pt\/index.php?rest_route=%2Fwp%2Fv2%2Fcomments&post=76011"}],"wp:featuredmedia":[{"embeddable":true,"href":"https:\/\/ifoffice.pt\/index.php?rest_route=\/wp\/v2\/media\/116606"}],"wp:attachment":[{"href":"https:\/\/ifoffice.pt\/index.php?rest_route=%2Fwp%2Fv2%2Fmedia&parent=76011"}],"wp:term":[{"taxonomy":"product_brand","embeddable":true,"href":"https:\/\/ifoffice.pt\/index.php?rest_route=%2Fwp%2Fv2%2Fproduct_brand&post=76011"},{"taxonomy":"product_cat","embeddable":true,"href":"https:\/\/ifoffice.pt\/index.php?rest_route=%2Fwp%2Fv2%2Fproduct_cat&post=76011"},{"taxonomy":"product_tag","embeddable":true,"href":"https:\/\/ifoffice.pt\/index.php?rest_route=%2Fwp%2Fv2%2Fproduct_tag&post=76011"}],"curies":[{"name":"wp","href":"https:\/\/api.w.org\/{rel}","templated":true}]}}