{"id":75878,"date":"2021-01-22T03:07:35","date_gmt":"2021-01-22T03:07:35","guid":{"rendered":"https:\/\/ifoffice.pt\/produto\/import-placeholder-for-155908\/"},"modified":"2026-02-23T13:05:35","modified_gmt":"2026-02-23T13:05:35","slug":"conjunto-caligrafia-tombow-lettering-beginner-para-principiante-6-pecas","status":"publish","type":"product","link":"https:\/\/ifoffice.pt\/?product=conjunto-caligrafia-tombow-lettering-beginner-para-principiante-6-pecas","title":{"rendered":"Conjunto caligrafia tombow lettering beginner para principiante 6 pecas"},"content":{"rendered":"<p>Conjunto que conta com todo o material necess\u00e1rio para come\u00e7ar no mundo do lettering. Inclui manual com instru\u00e7\u00f5es b\u00e1sicas de letras. Inclu\u00ed: 2 marcadores ABT Dual Brush com ponta larga e flex\u00edvel para letras grandes e detalhes finos. Cores: preta e cinza. L\u00e1pis de grafite de alta qualidade. Grau de dureza 3H (muito duro). Marcador de caligrafia. Grau de dureza 1 (duro). Tinta preta. Marcador permanente com ponta dupla: fino e largo. Tinta preta. Borracha XS para apagar de forma limpa e precisa.\u00a0O\u00a0conjunto<\/p>\n","protected":false},"excerpt":{"rendered":"<p>Conjunto caligrafia tombow lettering beginner para principiante 6 pecas<\/p>\n","protected":false},"featured_media":116537,"comment_status":"closed","ping_status":"closed","template":"","meta":{"neve_meta_sidebar":"","neve_meta_container":"","neve_meta_enable_content_width":"off","neve_meta_content_width":0,"neve_meta_title_alignment":"","neve_meta_author_avatar":"","neve_post_elements_order":"","neve_meta_disable_header":"","neve_meta_disable_footer":"","neve_meta_disable_title":""},"product_brand":[],"product_cat":[1755],"product_tag":[1293],"class_list":{"0":"post-75878","1":"product","2":"type-product","3":"status-publish","4":"has-post-thumbnail","6":"product_cat-outros","7":"product_tag-caligrafico","9":"first","10":"instock","11":"taxable","12":"shipping-taxable","13":"purchasable","14":"product-type-simple"},"_links":{"self":[{"href":"https:\/\/ifoffice.pt\/index.php?rest_route=\/wp\/v2\/product\/75878","targetHints":{"allow":["GET"]}}],"collection":[{"href":"https:\/\/ifoffice.pt\/index.php?rest_route=\/wp\/v2\/product"}],"about":[{"href":"https:\/\/ifoffice.pt\/index.php?rest_route=\/wp\/v2\/types\/product"}],"replies":[{"embeddable":true,"href":"https:\/\/ifoffice.pt\/index.php?rest_route=%2Fwp%2Fv2%2Fcomments&post=75878"}],"wp:featuredmedia":[{"embeddable":true,"href":"https:\/\/ifoffice.pt\/index.php?rest_route=\/wp\/v2\/media\/116537"}],"wp:attachment":[{"href":"https:\/\/ifoffice.pt\/index.php?rest_route=%2Fwp%2Fv2%2Fmedia&parent=75878"}],"wp:term":[{"taxonomy":"product_brand","embeddable":true,"href":"https:\/\/ifoffice.pt\/index.php?rest_route=%2Fwp%2Fv2%2Fproduct_brand&post=75878"},{"taxonomy":"product_cat","embeddable":true,"href":"https:\/\/ifoffice.pt\/index.php?rest_route=%2Fwp%2Fv2%2Fproduct_cat&post=75878"},{"taxonomy":"product_tag","embeddable":true,"href":"https:\/\/ifoffice.pt\/index.php?rest_route=%2Fwp%2Fv2%2Fproduct_tag&post=75878"}],"curies":[{"name":"wp","href":"https:\/\/api.w.org\/{rel}","templated":true}]}}