{"id":75837,"date":"2021-01-22T03:07:12","date_gmt":"2021-01-22T03:07:12","guid":{"rendered":"https:\/\/ifoffice.pt\/produto\/import-placeholder-for-155923\/"},"modified":"2026-02-23T13:05:33","modified_gmt":"2026-02-23T13:05:33","slug":"porta-utensilios-para-cozinha-ibili-premier-aco-inoxidavel","status":"publish","type":"product","link":"https:\/\/ifoffice.pt\/?product=porta-utensilios-para-cozinha-ibili-premier-aco-inoxidavel","title":{"rendered":"Porta utensilios para cozinha ibili premier aco inoxidavel"},"content":{"rendered":"<p>Para escorrer e manter de forma ordenada e ter \u00e0 m\u00e3o os talheres. A\u00e7o inoxid\u00e1vel. Medidas: 15 x 8 x 16 cm.<\/p>\n","protected":false},"excerpt":{"rendered":"<p>Porta utensilios para cozinha ibili premier aco inoxidavel<\/p>\n","protected":false},"featured_media":116525,"comment_status":"closed","ping_status":"closed","template":"","meta":{"neve_meta_sidebar":"","neve_meta_container":"","neve_meta_enable_content_width":"off","neve_meta_content_width":0,"neve_meta_title_alignment":"","neve_meta_author_avatar":"","neve_post_elements_order":"","neve_meta_disable_header":"","neve_meta_disable_footer":"","neve_meta_disable_title":""},"product_brand":[],"product_cat":[15],"product_tag":[2645,1287],"class_list":{"0":"post-75837","1":"product","2":"type-product","3":"status-publish","4":"has-post-thumbnail","6":"product_cat-uncategorized","7":"product_tag-cozinha","8":"product_tag-portacubiertos","10":"first","11":"instock","12":"taxable","13":"shipping-taxable","14":"purchasable","15":"product-type-simple"},"_links":{"self":[{"href":"https:\/\/ifoffice.pt\/index.php?rest_route=\/wp\/v2\/product\/75837","targetHints":{"allow":["GET"]}}],"collection":[{"href":"https:\/\/ifoffice.pt\/index.php?rest_route=\/wp\/v2\/product"}],"about":[{"href":"https:\/\/ifoffice.pt\/index.php?rest_route=\/wp\/v2\/types\/product"}],"replies":[{"embeddable":true,"href":"https:\/\/ifoffice.pt\/index.php?rest_route=%2Fwp%2Fv2%2Fcomments&post=75837"}],"wp:featuredmedia":[{"embeddable":true,"href":"https:\/\/ifoffice.pt\/index.php?rest_route=\/wp\/v2\/media\/116525"}],"wp:attachment":[{"href":"https:\/\/ifoffice.pt\/index.php?rest_route=%2Fwp%2Fv2%2Fmedia&parent=75837"}],"wp:term":[{"taxonomy":"product_brand","embeddable":true,"href":"https:\/\/ifoffice.pt\/index.php?rest_route=%2Fwp%2Fv2%2Fproduct_brand&post=75837"},{"taxonomy":"product_cat","embeddable":true,"href":"https:\/\/ifoffice.pt\/index.php?rest_route=%2Fwp%2Fv2%2Fproduct_cat&post=75837"},{"taxonomy":"product_tag","embeddable":true,"href":"https:\/\/ifoffice.pt\/index.php?rest_route=%2Fwp%2Fv2%2Fproduct_tag&post=75837"}],"curies":[{"name":"wp","href":"https:\/\/api.w.org\/{rel}","templated":true}]}}