{"id":75599,"date":"2021-01-22T03:05:35","date_gmt":"2021-01-22T03:05:35","guid":{"rendered":"https:\/\/ifoffice.pt\/produto\/import-placeholder-for-156078\/"},"modified":"2026-02-23T13:05:21","modified_gmt":"2026-02-23T13:05:21","slug":"porta-cartoes-de-visita-exacompta-metacrilato-34x102x47-mm","status":"publish","type":"product","link":"https:\/\/ifoffice.pt\/?product=porta-cartoes-de-visita-exacompta-metacrilato-34x102x47-mm","title":{"rendered":"Porta cartoes de visita exacompta metacrilato 34x102x47 mm"},"content":{"rendered":"<p>Porta cart\u00f5es com uma capacidade de 50 cart\u00f5es. Fabricado em poliestireno. Cor transparente. Medidas: 34 x 102 x 47 mm. O porta cart\u00f5es.<\/p>\n","protected":false},"excerpt":{"rendered":"<p>Porta cartoes de visita exacompta metacrilato 34x102x47 mm<\/p>\n","protected":false},"featured_media":116446,"comment_status":"closed","ping_status":"closed","template":"","meta":{"neve_meta_sidebar":"","neve_meta_container":"","neve_meta_enable_content_width":"","neve_meta_content_width":0,"neve_meta_title_alignment":"","neve_meta_author_avatar":"","neve_post_elements_order":"","neve_meta_disable_header":"","neve_meta_disable_footer":"","neve_meta_disable_title":""},"product_brand":[],"product_cat":[1897],"product_tag":[2856],"class_list":{"0":"post-75599","1":"product","2":"type-product","3":"status-publish","4":"has-post-thumbnail","6":"product_cat-artigos-de-secretaria","7":"product_tag-artigos-de-secretaria","9":"first","10":"instock","11":"taxable","12":"shipping-taxable","13":"purchasable","14":"product-type-simple"},"_links":{"self":[{"href":"https:\/\/ifoffice.pt\/index.php?rest_route=\/wp\/v2\/product\/75599","targetHints":{"allow":["GET"]}}],"collection":[{"href":"https:\/\/ifoffice.pt\/index.php?rest_route=\/wp\/v2\/product"}],"about":[{"href":"https:\/\/ifoffice.pt\/index.php?rest_route=\/wp\/v2\/types\/product"}],"replies":[{"embeddable":true,"href":"https:\/\/ifoffice.pt\/index.php?rest_route=%2Fwp%2Fv2%2Fcomments&post=75599"}],"wp:featuredmedia":[{"embeddable":true,"href":"https:\/\/ifoffice.pt\/index.php?rest_route=\/wp\/v2\/media\/116446"}],"wp:attachment":[{"href":"https:\/\/ifoffice.pt\/index.php?rest_route=%2Fwp%2Fv2%2Fmedia&parent=75599"}],"wp:term":[{"taxonomy":"product_brand","embeddable":true,"href":"https:\/\/ifoffice.pt\/index.php?rest_route=%2Fwp%2Fv2%2Fproduct_brand&post=75599"},{"taxonomy":"product_cat","embeddable":true,"href":"https:\/\/ifoffice.pt\/index.php?rest_route=%2Fwp%2Fv2%2Fproduct_cat&post=75599"},{"taxonomy":"product_tag","embeddable":true,"href":"https:\/\/ifoffice.pt\/index.php?rest_route=%2Fwp%2Fv2%2Fproduct_tag&post=75599"}],"curies":[{"name":"wp","href":"https:\/\/api.w.org\/{rel}","templated":true}]}}