{"id":75546,"date":"2021-01-22T03:05:14","date_gmt":"2021-01-22T03:05:14","guid":{"rendered":"https:\/\/ifoffice.pt\/produto\/import-placeholder-for-156108\/"},"modified":"2026-02-23T13:05:19","modified_gmt":"2026-02-23T13:05:19","slug":"agrafador-petrus-635-wow-preto-metalizado-capacidade-30-folhas","status":"publish","type":"product","link":"https:\/\/ifoffice.pt\/?product=agrafador-petrus-635-wow-preto-metalizado-capacidade-30-folhas","title":{"rendered":"Agrafador petrus 635 wow preto metalizado capacidade 30 folhas"},"content":{"rendered":"<p>Resistente agrafador de metal para uso di\u00e1rio. Com tecnologia de impacto direto patenteado. A utiliza\u00e7\u00e3o de agrafes Petrus 22\/6, 24\/6 ou 26\/6 garante um agrafado perfeito. Cores metalizadas. Saca agrafes integrado na base. Capacidade: 30 folhas. Carga 2 pentes (100 agrafes). Carga superior. Profundidade do agrafado: 4 cm da margem da folha. Comprimento da base: 135 mm. Medidas: 20 x 38 x 98 mm. O agrafador.<\/p>\n","protected":false},"excerpt":{"rendered":"<p>Agrafador petrus 635 wow preto metalizado capacidade 30 folhas<\/p>\n","protected":false},"featured_media":116433,"comment_status":"closed","ping_status":"closed","template":"","meta":{"neve_meta_sidebar":"","neve_meta_container":"","neve_meta_enable_content_width":"","neve_meta_content_width":0,"neve_meta_title_alignment":"","neve_meta_author_avatar":"","neve_post_elements_order":"","neve_meta_disable_header":"","neve_meta_disable_footer":"","neve_meta_disable_title":""},"product_brand":[],"product_cat":[1811],"product_tag":[2846],"class_list":{"0":"post-75546","1":"product","2":"type-product","3":"status-publish","4":"has-post-thumbnail","6":"product_cat-agrafadores-de-secretaria","7":"product_tag-agrafadores-de-secretaria-2","9":"first","10":"instock","11":"taxable","12":"shipping-taxable","13":"purchasable","14":"product-type-simple"},"_links":{"self":[{"href":"https:\/\/ifoffice.pt\/index.php?rest_route=\/wp\/v2\/product\/75546","targetHints":{"allow":["GET"]}}],"collection":[{"href":"https:\/\/ifoffice.pt\/index.php?rest_route=\/wp\/v2\/product"}],"about":[{"href":"https:\/\/ifoffice.pt\/index.php?rest_route=\/wp\/v2\/types\/product"}],"replies":[{"embeddable":true,"href":"https:\/\/ifoffice.pt\/index.php?rest_route=%2Fwp%2Fv2%2Fcomments&post=75546"}],"wp:featuredmedia":[{"embeddable":true,"href":"https:\/\/ifoffice.pt\/index.php?rest_route=\/wp\/v2\/media\/116433"}],"wp:attachment":[{"href":"https:\/\/ifoffice.pt\/index.php?rest_route=%2Fwp%2Fv2%2Fmedia&parent=75546"}],"wp:term":[{"taxonomy":"product_brand","embeddable":true,"href":"https:\/\/ifoffice.pt\/index.php?rest_route=%2Fwp%2Fv2%2Fproduct_brand&post=75546"},{"taxonomy":"product_cat","embeddable":true,"href":"https:\/\/ifoffice.pt\/index.php?rest_route=%2Fwp%2Fv2%2Fproduct_cat&post=75546"},{"taxonomy":"product_tag","embeddable":true,"href":"https:\/\/ifoffice.pt\/index.php?rest_route=%2Fwp%2Fv2%2Fproduct_tag&post=75546"}],"curies":[{"name":"wp","href":"https:\/\/api.w.org\/{rel}","templated":true}]}}