{"id":75301,"date":"2021-01-22T03:01:25","date_gmt":"2021-01-22T03:01:25","guid":{"rendered":"https:\/\/ifoffice.pt\/produto\/import-placeholder-for-156246\/"},"modified":"2026-02-23T13:05:06","modified_gmt":"2026-02-23T13:05:06","slug":"fita-q-connect-preta-transparente-12mm-x-7mt-d1","status":"publish","type":"product","link":"https:\/\/ifoffice.pt\/?product=fita-q-connect-preta-transparente-12mm-x-7mt-d1","title":{"rendered":"Fita q-connect preta-transparente 12mm x 7mt d1"},"content":{"rendered":"<p>Fita compat\u00edvel para a etiquetadora DYMO D1. Diferentes cores de impress\u00e3o e fundos. Boa qualidade a um bom pre\u00e7o. Cola numa variedade de superf\u00edcies. Amplamente utilizado no escrit\u00f3rio, casa, escola, hospital, etc.<\/p>\n","protected":false},"excerpt":{"rendered":"<p>Fita q-connect preta-transparente 12mm x 7mt d1<\/p>\n","protected":false},"featured_media":131213,"comment_status":"closed","ping_status":"closed","template":"","meta":{"neve_meta_sidebar":"","neve_meta_container":"","neve_meta_enable_content_width":"off","neve_meta_content_width":0,"neve_meta_title_alignment":"","neve_meta_author_avatar":"","neve_post_elements_order":"","neve_meta_disable_header":"","neve_meta_disable_footer":"","neve_meta_disable_title":""},"product_brand":[],"product_cat":[1790],"product_tag":[1204],"class_list":{"0":"post-75301","1":"product","2":"type-product","3":"status-publish","4":"has-post-thumbnail","6":"product_cat-etiquetadoras-e-fitas","7":"product_tag-consumivel-etiquetadora","9":"first","10":"instock","11":"sale","12":"taxable","13":"shipping-taxable","14":"purchasable","15":"product-type-simple"},"_links":{"self":[{"href":"https:\/\/ifoffice.pt\/index.php?rest_route=\/wp\/v2\/product\/75301","targetHints":{"allow":["GET"]}}],"collection":[{"href":"https:\/\/ifoffice.pt\/index.php?rest_route=\/wp\/v2\/product"}],"about":[{"href":"https:\/\/ifoffice.pt\/index.php?rest_route=\/wp\/v2\/types\/product"}],"replies":[{"embeddable":true,"href":"https:\/\/ifoffice.pt\/index.php?rest_route=%2Fwp%2Fv2%2Fcomments&post=75301"}],"wp:featuredmedia":[{"embeddable":true,"href":"https:\/\/ifoffice.pt\/index.php?rest_route=\/wp\/v2\/media\/131213"}],"wp:attachment":[{"href":"https:\/\/ifoffice.pt\/index.php?rest_route=%2Fwp%2Fv2%2Fmedia&parent=75301"}],"wp:term":[{"taxonomy":"product_brand","embeddable":true,"href":"https:\/\/ifoffice.pt\/index.php?rest_route=%2Fwp%2Fv2%2Fproduct_brand&post=75301"},{"taxonomy":"product_cat","embeddable":true,"href":"https:\/\/ifoffice.pt\/index.php?rest_route=%2Fwp%2Fv2%2Fproduct_cat&post=75301"},{"taxonomy":"product_tag","embeddable":true,"href":"https:\/\/ifoffice.pt\/index.php?rest_route=%2Fwp%2Fv2%2Fproduct_tag&post=75301"}],"curies":[{"name":"wp","href":"https:\/\/api.w.org\/{rel}","templated":true}]}}