{"id":75230,"date":"2021-01-22T03:00:59","date_gmt":"2021-01-22T03:00:59","guid":{"rendered":"https:\/\/ifoffice.pt\/produto\/import-placeholder-for-156297\/"},"modified":"2026-02-23T13:04:58","modified_gmt":"2026-02-23T13:04:58","slug":"porta-lapis-q-connect-plastico-verde-translucido","status":"publish","type":"product","link":"https:\/\/ifoffice.pt\/?product=porta-lapis-q-connect-plastico-verde-translucido","title":{"rendered":"Porta lapis q-connect plastico verde translucido"},"content":{"rendered":"<p>Porta l\u00e1pis redondo para esferogr\u00e1ficas, l\u00e1pis, marcadores. Fabricado em pl\u00e1stico resistente. Cores opacas e transl\u00facidas. Medidas: \u00d875 x 100 mm. O porta l\u00e1pis.<\/p>\n","protected":false},"excerpt":{"rendered":"<p>Porta lapis q-connect plastico verde translucido<\/p>\n","protected":false},"featured_media":116306,"comment_status":"closed","ping_status":"closed","template":"","meta":{"neve_meta_sidebar":"","neve_meta_container":"","neve_meta_enable_content_width":"","neve_meta_content_width":0,"neve_meta_title_alignment":"","neve_meta_author_avatar":"","neve_post_elements_order":"","neve_meta_disable_header":"","neve_meta_disable_footer":"","neve_meta_disable_title":""},"product_brand":[],"product_cat":[1832],"product_tag":[2848],"class_list":{"0":"post-75230","1":"product","2":"type-product","3":"status-publish","4":"has-post-thumbnail","6":"product_cat-porta-lapis","7":"product_tag-porta-lapis-2","9":"first","10":"instock","11":"sale","12":"taxable","13":"shipping-taxable","14":"purchasable","15":"product-type-simple"},"_links":{"self":[{"href":"https:\/\/ifoffice.pt\/index.php?rest_route=\/wp\/v2\/product\/75230","targetHints":{"allow":["GET"]}}],"collection":[{"href":"https:\/\/ifoffice.pt\/index.php?rest_route=\/wp\/v2\/product"}],"about":[{"href":"https:\/\/ifoffice.pt\/index.php?rest_route=\/wp\/v2\/types\/product"}],"replies":[{"embeddable":true,"href":"https:\/\/ifoffice.pt\/index.php?rest_route=%2Fwp%2Fv2%2Fcomments&post=75230"}],"wp:featuredmedia":[{"embeddable":true,"href":"https:\/\/ifoffice.pt\/index.php?rest_route=\/wp\/v2\/media\/116306"}],"wp:attachment":[{"href":"https:\/\/ifoffice.pt\/index.php?rest_route=%2Fwp%2Fv2%2Fmedia&parent=75230"}],"wp:term":[{"taxonomy":"product_brand","embeddable":true,"href":"https:\/\/ifoffice.pt\/index.php?rest_route=%2Fwp%2Fv2%2Fproduct_brand&post=75230"},{"taxonomy":"product_cat","embeddable":true,"href":"https:\/\/ifoffice.pt\/index.php?rest_route=%2Fwp%2Fv2%2Fproduct_cat&post=75230"},{"taxonomy":"product_tag","embeddable":true,"href":"https:\/\/ifoffice.pt\/index.php?rest_route=%2Fwp%2Fv2%2Fproduct_tag&post=75230"}],"curies":[{"name":"wp","href":"https:\/\/api.w.org\/{rel}","templated":true}]}}