{"id":75199,"date":"2021-01-22T03:00:38","date_gmt":"2021-01-22T03:00:38","guid":{"rendered":"https:\/\/ifoffice.pt\/produto\/import-placeholder-for-156303\/"},"modified":"2025-05-08T10:46:32","modified_gmt":"2025-05-08T10:46:32","slug":"cesto-plastico-q-connect-azul-translucido-13-litros","status":"publish","type":"product","link":"https:\/\/ifoffice.pt\/?product=cesto-plastico-q-connect-azul-translucido-13-litros","title":{"rendered":"Cesto plastico q-connect azul translucido 13 litros"},"content":{"rendered":"<p>Cesto de pap\u00e9is em pl\u00e1stico muito resistente. Capacidade: 13 litros. Medidas: \u00d821 x 29 cm. O cesto.<\/p>\n","protected":false},"excerpt":{"rendered":"<p>Cesto plastico q-connect azul translucido 13 litros<\/p>\n","protected":false},"featured_media":116300,"comment_status":"closed","ping_status":"closed","template":"","meta":{"neve_meta_sidebar":"","neve_meta_container":"","neve_meta_enable_content_width":"off","neve_meta_content_width":100,"neve_meta_title_alignment":"","neve_meta_author_avatar":"","neve_post_elements_order":"","neve_meta_disable_header":"","neve_meta_disable_footer":"","neve_meta_disable_title":""},"product_brand":[],"product_cat":[1821],"product_tag":[1066],"class_list":{"0":"post-75199","1":"product","2":"type-product","3":"status-publish","4":"has-post-thumbnail","6":"product_cat-cesto-de-papeis","7":"product_tag-cestos-de-papeis","9":"first","10":"instock","11":"taxable","12":"shipping-taxable","13":"purchasable","14":"product-type-variable","15":"has-default-attributes"},"_links":{"self":[{"href":"https:\/\/ifoffice.pt\/index.php?rest_route=\/wp\/v2\/product\/75199","targetHints":{"allow":["GET"]}}],"collection":[{"href":"https:\/\/ifoffice.pt\/index.php?rest_route=\/wp\/v2\/product"}],"about":[{"href":"https:\/\/ifoffice.pt\/index.php?rest_route=\/wp\/v2\/types\/product"}],"replies":[{"embeddable":true,"href":"https:\/\/ifoffice.pt\/index.php?rest_route=%2Fwp%2Fv2%2Fcomments&post=75199"}],"wp:featuredmedia":[{"embeddable":true,"href":"https:\/\/ifoffice.pt\/index.php?rest_route=\/wp\/v2\/media\/116300"}],"wp:attachment":[{"href":"https:\/\/ifoffice.pt\/index.php?rest_route=%2Fwp%2Fv2%2Fmedia&parent=75199"}],"wp:term":[{"taxonomy":"product_brand","embeddable":true,"href":"https:\/\/ifoffice.pt\/index.php?rest_route=%2Fwp%2Fv2%2Fproduct_brand&post=75199"},{"taxonomy":"product_cat","embeddable":true,"href":"https:\/\/ifoffice.pt\/index.php?rest_route=%2Fwp%2Fv2%2Fproduct_cat&post=75199"},{"taxonomy":"product_tag","embeddable":true,"href":"https:\/\/ifoffice.pt\/index.php?rest_route=%2Fwp%2Fv2%2Fproduct_tag&post=75199"}],"curies":[{"name":"wp","href":"https:\/\/api.w.org\/{rel}","templated":true}]}}