{"id":75136,"date":"2021-01-22T03:00:10","date_gmt":"2021-01-22T03:00:10","guid":{"rendered":"https:\/\/ifoffice.pt\/produto\/import-placeholder-for-156465\/"},"modified":"2025-03-12T14:41:29","modified_gmt":"2025-03-12T14:41:29","slug":"hub-kensington-usb-3-0-carregador-e-4-portas","status":"publish","type":"product","link":"https:\/\/ifoffice.pt\/?product=hub-kensington-usb-3-0-carregador-e-4-portas","title":{"rendered":"Hub kensington usb 3.0 carregador e 4 portas"},"content":{"rendered":"<p>Inclui quatro portas USB para admitir mais dispositivos de forma simples. USB 3.0 transfere dados a 5 Gb\/s, 10 vezes mais r\u00e1pido que a tecnologia USB 2.0. Fornece 3 A para carregar rapidamente smartphones ou tablets ligando o hub a uma tomada de corrente externa. Instala\u00e7\u00e3o Plug &#038; Play sem necessidade de descarregar controladores. Compat\u00edvel com sistemas que executam Windows\u00ae 8.1\/8\/7\/Vista\/XP ou Mac OS\u00ae X 10.6 o vers\u00f5es posteriores. As portas de carga s\u00e3o compat\u00edveis com o standard USB BC 1.2 e com dispositivos BC 1.2 como o iPad\u00ae 4.\u00aa gera\u00e7\u00e3o, o iPad Air&#8217; e o iPad mini. Medidas: 75 x 51 x 14,5 mm.  Peso: 38 g.<\/p>\n","protected":false},"excerpt":{"rendered":"<p>Hub kensington usb 3.0 carregador e 4 portas<\/p>\n","protected":false},"featured_media":116275,"comment_status":"closed","ping_status":"closed","template":"","meta":{"neve_meta_sidebar":"","neve_meta_container":"","neve_meta_enable_content_width":"","neve_meta_content_width":0,"neve_meta_title_alignment":"","neve_meta_author_avatar":"","neve_post_elements_order":"","neve_meta_disable_header":"","neve_meta_disable_footer":"","neve_meta_disable_title":""},"product_brand":[],"product_cat":[1819],"product_tag":[1106],"class_list":{"0":"post-75136","1":"product","2":"type-product","3":"status-publish","4":"has-post-thumbnail","6":"product_cat-conectividade-cabos-wifi-hub","7":"product_tag-carregadores","9":"first","10":"instock","11":"taxable","12":"shipping-taxable","13":"purchasable","14":"product-type-simple"},"_links":{"self":[{"href":"https:\/\/ifoffice.pt\/index.php?rest_route=\/wp\/v2\/product\/75136","targetHints":{"allow":["GET"]}}],"collection":[{"href":"https:\/\/ifoffice.pt\/index.php?rest_route=\/wp\/v2\/product"}],"about":[{"href":"https:\/\/ifoffice.pt\/index.php?rest_route=\/wp\/v2\/types\/product"}],"replies":[{"embeddable":true,"href":"https:\/\/ifoffice.pt\/index.php?rest_route=%2Fwp%2Fv2%2Fcomments&post=75136"}],"wp:featuredmedia":[{"embeddable":true,"href":"https:\/\/ifoffice.pt\/index.php?rest_route=\/wp\/v2\/media\/116275"}],"wp:attachment":[{"href":"https:\/\/ifoffice.pt\/index.php?rest_route=%2Fwp%2Fv2%2Fmedia&parent=75136"}],"wp:term":[{"taxonomy":"product_brand","embeddable":true,"href":"https:\/\/ifoffice.pt\/index.php?rest_route=%2Fwp%2Fv2%2Fproduct_brand&post=75136"},{"taxonomy":"product_cat","embeddable":true,"href":"https:\/\/ifoffice.pt\/index.php?rest_route=%2Fwp%2Fv2%2Fproduct_cat&post=75136"},{"taxonomy":"product_tag","embeddable":true,"href":"https:\/\/ifoffice.pt\/index.php?rest_route=%2Fwp%2Fv2%2Fproduct_tag&post=75136"}],"curies":[{"name":"wp","href":"https:\/\/api.w.org\/{rel}","templated":true}]}}