{"id":74768,"date":"2021-01-22T02:55:28","date_gmt":"2021-01-22T02:55:28","guid":{"rendered":"https:\/\/ifoffice.pt\/produto\/import-placeholder-for-156684\/"},"modified":"2026-02-23T14:52:52","modified_gmt":"2026-02-23T14:52:52","slug":"cola-pritt-cola-universal-sem-solventes-20-gr-transparente","status":"publish","type":"product","link":"https:\/\/ifoffice.pt\/?product=cola-pritt-cola-universal-sem-solventes-20-gr-transparente","title":{"rendered":"Cola pritt universal sem solventes 20 gr transparente"},"content":{"rendered":"<p>Cola universal sem solventes. \u00c9 a cola indicada para os trabalhos quotidianos em casa, no escrit\u00f3rio ou para trabalhos manuais. Transparente, cristalina, limpa, f\u00e1cil de usar em praticamente todo o tipo de materiais.<\/p>\n","protected":false},"excerpt":{"rendered":"<p>PACK DE 20 UNIDADES<\/p>\n","protected":false},"featured_media":116135,"comment_status":"closed","ping_status":"closed","template":"","meta":{"neve_meta_sidebar":"","neve_meta_container":"","neve_meta_enable_content_width":"off","neve_meta_content_width":0,"neve_meta_title_alignment":"","neve_meta_author_avatar":"","neve_post_elements_order":"","neve_meta_disable_header":"","neve_meta_disable_footer":"","neve_meta_disable_title":""},"product_brand":[],"product_cat":[1871],"product_tag":[810,1163],"class_list":{"0":"post-74768","1":"product","2":"type-product","3":"status-publish","4":"has-post-thumbnail","6":"product_cat-colas-escolares","7":"product_tag-cola","8":"product_tag-ponta","10":"first","11":"instock","12":"taxable","13":"shipping-taxable","14":"purchasable","15":"product-type-simple"},"_links":{"self":[{"href":"https:\/\/ifoffice.pt\/index.php?rest_route=\/wp\/v2\/product\/74768","targetHints":{"allow":["GET"]}}],"collection":[{"href":"https:\/\/ifoffice.pt\/index.php?rest_route=\/wp\/v2\/product"}],"about":[{"href":"https:\/\/ifoffice.pt\/index.php?rest_route=\/wp\/v2\/types\/product"}],"replies":[{"embeddable":true,"href":"https:\/\/ifoffice.pt\/index.php?rest_route=%2Fwp%2Fv2%2Fcomments&post=74768"}],"wp:featuredmedia":[{"embeddable":true,"href":"https:\/\/ifoffice.pt\/index.php?rest_route=\/wp\/v2\/media\/116135"}],"wp:attachment":[{"href":"https:\/\/ifoffice.pt\/index.php?rest_route=%2Fwp%2Fv2%2Fmedia&parent=74768"}],"wp:term":[{"taxonomy":"product_brand","embeddable":true,"href":"https:\/\/ifoffice.pt\/index.php?rest_route=%2Fwp%2Fv2%2Fproduct_brand&post=74768"},{"taxonomy":"product_cat","embeddable":true,"href":"https:\/\/ifoffice.pt\/index.php?rest_route=%2Fwp%2Fv2%2Fproduct_cat&post=74768"},{"taxonomy":"product_tag","embeddable":true,"href":"https:\/\/ifoffice.pt\/index.php?rest_route=%2Fwp%2Fv2%2Fproduct_tag&post=74768"}],"curies":[{"name":"wp","href":"https:\/\/api.w.org\/{rel}","templated":true}]}}